{"id":1162,"date":"2025-09-03T17:26:50","date_gmt":"2025-09-03T17:26:50","guid":{"rendered":"https:\/\/amiaesbienestar.com\/?page_id=1162"},"modified":"2026-01-15T17:26:28","modified_gmt":"2026-01-15T17:26:28","slug":"emotional-management-for-women","status":"publish","type":"page","link":"https:\/\/amiaesbienestar.com\/es\/emotional-management-for-women\/","title":{"rendered":"Gesti\u00f3n emocional para mujeres"},"content":{"rendered":"<div data-elementor-type=\"wp-page\" data-elementor-id=\"1162\" class=\"elementor elementor-1162\" data-elementor-post-type=\"page\">\n\t\t\t\t<div class=\"elementor-element elementor-element-f8b12a9 e-flex e-con-boxed e-con e-parent\" data-id=\"f8b12a9\" data-element_type=\"container\" data-e-type=\"container\">\n\t\t\t\t\t<div class=\"e-con-inner\">\n\t\t\t\t<div class=\"elementor-element elementor-element-7b04fd3 elementor-widget elementor-widget-heading\" data-id=\"7b04fd3\" data-element_type=\"widget\" data-e-type=\"widget\" data-widget_type=\"heading.default\">\n\t\t\t\t<div class=\"elementor-widget-container\">\n\t\t\t\t\t<h2 class=\"elementor-heading-title elementor-size-default\">Gesti\u00f3n emocional para mujeres<\/h2>\t\t\t\t<\/div>\n\t\t\t\t<\/div>\n\t\t\t\t<div class=\"elementor-element elementor-element-f3b4ebe elementor-widget elementor-widget-heading\" data-id=\"f3b4ebe\" data-element_type=\"widget\" data-e-type=\"widget\" data-widget_type=\"heading.default\">\n\t\t\t\t<div class=\"elementor-widget-container\">\n\t\t\t\t\t<h2 class=\"elementor-heading-title elementor-size-default\">Me siento, me escucho, me habito<\/h2>\t\t\t\t<\/div>\n\t\t\t\t<\/div>\n\t\t\t\t<div class=\"elementor-element elementor-element-dd6b7f5 elementor-widget elementor-widget-text-editor\" data-id=\"dd6b7f5\" data-element_type=\"widget\" data-e-type=\"widget\" data-widget_type=\"text-editor.default\">\n\t\t\t\t<div class=\"elementor-widget-container\">\n\t\t\t\t\t\t\t\t\t<p><strong>Descripci\u00f3n<\/strong><\/p><p>Un viaje \u00edntimo creado para mujeres que desean comprender, abrazar y transformar sus emociones. Este ebook es una gu\u00eda pr\u00e1ctica y sensible para conectar contigo misma, cultivar tu bienestar y vivir con mayor presencia y autenticidad.<\/p><p><strong>Beneficios<\/strong><\/p><ul><li aria-level=\"1\"><p>Reconocer y gestionar tus emociones con claridad y compasi\u00f3n.<\/p><\/li><li aria-level=\"1\"><p>Reducir el estr\u00e9s y la ansiedad a trav\u00e9s de ejercicios pr\u00e1cticos.<\/p><\/li><li aria-level=\"1\"><p>Fortalecer tu amor propio y la relaci\u00f3n contigo misma.<\/p><\/li><li aria-level=\"1\"><p>Crear un espacio de autoconexi\u00f3n y autocuidado en tu rutina diaria.<\/p><\/li><\/ul><p><strong>Dentro de este ebook descubrir\u00e1s:<\/strong><\/p><ul><li aria-level=\"1\"><p>Fundamentos de la gesti\u00f3n emocional femenina.<\/p><\/li><li aria-level=\"1\"><p>Ejercicios pr\u00e1cticos de autoescucha, gratitud y liberaci\u00f3n.<\/p><\/li><li aria-level=\"1\"><p>Herramientas para regular el sistema nervioso.<\/p><\/li><li aria-level=\"1\"><p>Actividades de journaling y escritura terap\u00e9utica.<\/p><\/li><li aria-level=\"1\"><p>Rituales diarios para volver a ti.<\/p><\/li><li aria-level=\"1\"><p>Consejos y frases inspiradoras para acompa\u00f1ar tu proceso.<\/p><\/li><\/ul><p>Este viaje no es solo mental, tambi\u00e9n es sensorial: cada cap\u00edtulo puede acompa\u00f1arse de una vela Amia, m\u00fasica suave o una infusi\u00f3n, creando un ritual que transforma el aprendizaje en una experiencia que se siente en el cuerpo y en el alma.<\/p><p><strong>Empieza hoy mismo a escucharte y habitarte con amor. Haz de este ebook tu compa\u00f1era de camino y reg\u00e1late un espacio donde tus emociones sean gu\u00eda y medicina emocional.<\/strong><\/p>\t\t\t\t\t\t\t\t<\/div>\n\t\t\t\t<\/div>\n\t\t\t\t<div class=\"elementor-element elementor-element-97ba0ea elementor-align-center elementor-widget elementor-widget-button\" data-id=\"97ba0ea\" data-element_type=\"widget\" data-e-type=\"widget\" data-widget_type=\"button.default\">\n\t\t\t\t<div class=\"elementor-widget-container\">\n\t\t\t\t\t\t\t\t\t<div class=\"elementor-button-wrapper\">\n\t\t\t\t\t<a class=\"elementor-button elementor-button-link elementor-size-sm\" href=\"https:\/\/amiaesbienestar.com\/es\/shop\/emotional-management-for-women\/\">\n\t\t\t\t\t\t<span class=\"elementor-button-content-wrapper\">\n\t\t\t\t\t\t\t\t\t<span class=\"elementor-button-text\">Comprar Aqu\u00ed<\/span>\n\t\t\t\t\t<\/span>\n\t\t\t\t\t<\/a>\n\t\t\t\t<\/div>\n\t\t\t\t\t\t\t\t<\/div>\n\t\t\t\t<\/div>\n\t\t\t\t\t<\/div>\n\t\t\t\t<\/div>\n\t\t\t\t<\/div>","protected":false},"excerpt":{"rendered":"<p>Emotional Management for Women I feel, I listen to myself, I inhabit myself Description An intimate journey created for women who want to understand, embrace, and transform their emotions. This ebook is a practical and sensitive guide to help you connect with yourself, cultivate well-being, and live with greater presence and authenticity. Benefits Recognize and [&hellip;]<\/p>\n","protected":false},"author":1,"featured_media":0,"parent":0,"menu_order":0,"comment_status":"closed","ping_status":"closed","template":"","meta":{"_joinchat":[],"footnotes":""},"class_list":["post-1162","page","type-page","status-publish","hentry"],"jetpack_sharing_enabled":true,"_links":{"self":[{"href":"https:\/\/amiaesbienestar.com\/es\/wp-json\/wp\/v2\/pages\/1162","targetHints":{"allow":["GET"]}}],"collection":[{"href":"https:\/\/amiaesbienestar.com\/es\/wp-json\/wp\/v2\/pages"}],"about":[{"href":"https:\/\/amiaesbienestar.com\/es\/wp-json\/wp\/v2\/types\/page"}],"author":[{"embeddable":true,"href":"https:\/\/amiaesbienestar.com\/es\/wp-json\/wp\/v2\/users\/1"}],"replies":[{"embeddable":true,"href":"https:\/\/amiaesbienestar.com\/es\/wp-json\/wp\/v2\/comments?post=1162"}],"version-history":[{"count":42,"href":"https:\/\/amiaesbienestar.com\/es\/wp-json\/wp\/v2\/pages\/1162\/revisions"}],"predecessor-version":[{"id":2346,"href":"https:\/\/amiaesbienestar.com\/es\/wp-json\/wp\/v2\/pages\/1162\/revisions\/2346"}],"wp:attachment":[{"href":"https:\/\/amiaesbienestar.com\/es\/wp-json\/wp\/v2\/media?parent=1162"}],"curies":[{"name":"wp","href":"https:\/\/api.w.org\/{rel}","templated":true}]}}