{"id":1525,"date":"2025-10-14T03:20:46","date_gmt":"2025-10-14T03:20:46","guid":{"rendered":"https:\/\/amiaesbienestar.com\/?page_id=1525"},"modified":"2026-01-15T17:27:21","modified_gmt":"2026-01-15T17:27:21","slug":"emotional-management-for-men","status":"publish","type":"page","link":"https:\/\/amiaesbienestar.com\/es\/emotional-management-for-men\/","title":{"rendered":"Gesti\u00f3n emocional para hombres"},"content":{"rendered":"<div data-elementor-type=\"wp-page\" data-elementor-id=\"1525\" class=\"elementor elementor-1525\" data-elementor-post-type=\"page\">\n\t\t\t\t<div class=\"elementor-element elementor-element-9ab15cd e-flex e-con-boxed e-con e-parent\" data-id=\"9ab15cd\" data-element_type=\"container\" data-e-type=\"container\">\n\t\t\t\t\t<div class=\"e-con-inner\">\n\t\t<div class=\"elementor-element elementor-element-0ef7c92 e-con-full e-flex e-con e-child\" data-id=\"0ef7c92\" data-element_type=\"container\" data-e-type=\"container\">\n\t\t\t\t<div class=\"elementor-element elementor-element-492d288 elementor-widget elementor-widget-heading\" data-id=\"492d288\" data-element_type=\"widget\" data-e-type=\"widget\" data-widget_type=\"heading.default\">\n\t\t\t\t<div class=\"elementor-widget-container\">\n\t\t\t\t\t<h2 class=\"elementor-heading-title elementor-size-default\">Gesti\u00f3n emocional para hombres<\/h2>\t\t\t\t<\/div>\n\t\t\t\t<\/div>\n\t\t\t\t<div class=\"elementor-element elementor-element-dc350f3 elementor-widget elementor-widget-heading\" data-id=\"dc350f3\" data-element_type=\"widget\" data-e-type=\"widget\" data-widget_type=\"heading.default\">\n\t\t\t\t<div class=\"elementor-widget-container\">\n\t\t\t\t\t<h2 class=\"elementor-heading-title elementor-size-default\">Habitar mi fuerza interior<\/h2>\t\t\t\t<\/div>\n\t\t\t\t<\/div>\n\t\t\t\t<div class=\"elementor-element elementor-element-6b3e69f elementor-widget elementor-widget-text-editor\" data-id=\"6b3e69f\" data-element_type=\"widget\" data-e-type=\"widget\" data-widget_type=\"text-editor.default\">\n\t\t\t\t<div class=\"elementor-widget-container\">\n\t\t\t\t\t\t\t\t\t<p><strong>Descripci\u00f3n<\/strong><\/p><p>Una gu\u00eda creada para hombres que desean comprender y transformar sus emociones sin juicio, desde un lugar de autenticidad y equilibrio. Este ebook ofrece herramientas pr\u00e1cticas y sencillas para cultivar la calma, fortalecer la mente y reconectar con el propio bienestar.<\/p><p><strong>Beneficios<\/strong><\/p><ul><li aria-level=\"1\"><p>Reconocer y expresar emociones de manera sana.<\/p><\/li><li aria-level=\"1\"><p>Reducir la tensi\u00f3n, el estr\u00e9s y la ansiedad cotidiana.<\/p><\/li><li aria-level=\"1\"><p>Mejorar la claridad mental y la toma de decisiones.<\/p><\/li><li aria-level=\"1\"><p>Fortalecer la autoconfianza y el autocuidado.<\/p><\/li><\/ul><p><strong>Dentro de este ebook descubrir\u00e1s:<\/strong><\/p><ul><li aria-level=\"1\"><p>Fundamentos de la gesti\u00f3n emocional masculina.<\/p><\/li><li aria-level=\"1\"><p>Estrategias pr\u00e1cticas para regular el sistema nervioso.<\/p><\/li><li aria-level=\"1\"><p>Actividades de journaling y escritura reflexiva.<\/p><\/li><li aria-level=\"1\"><p>Ejercicios de respiraci\u00f3n y presencia.<\/p><\/li><li aria-level=\"1\"><p>Rituales diarios para cultivar calma y foco.<\/p><\/li><li aria-level=\"1\"><p>Frases y recordatorios para acompa\u00f1ar tu proceso.<\/p><\/li><\/ul><p>Cada pr\u00e1ctica puede ser acompa\u00f1ada por una vela Amia, creando un espacio \u00edntimo donde el aroma y la luz act\u00faan como anclajes de calma. As\u00ed, la gesti\u00f3n emocional se convierte en un ritual que une cuerpo, mente y esp\u00edritu.<\/p><p><strong>Reg\u00e1late el permiso de sentir, comprender y habitarte. Este ebook ser\u00e1 tu aliado para vivir con mayor equilibrio, fuerza interior y serenidad.<\/strong><\/p>\t\t\t\t\t\t\t\t<\/div>\n\t\t\t\t<\/div>\n\t\t\t\t<div class=\"elementor-element elementor-element-d598acc elementor-align-center elementor-widget elementor-widget-button\" data-id=\"d598acc\" data-element_type=\"widget\" data-e-type=\"widget\" data-widget_type=\"button.default\">\n\t\t\t\t<div class=\"elementor-widget-container\">\n\t\t\t\t\t\t\t\t\t<div class=\"elementor-button-wrapper\">\n\t\t\t\t\t<a class=\"elementor-button elementor-button-link elementor-size-sm\" href=\"https:\/\/amiaesbienestar.com\/es\/shop\/emotional-management-for-men\/\">\n\t\t\t\t\t\t<span class=\"elementor-button-content-wrapper\">\n\t\t\t\t\t\t\t\t\t<span class=\"elementor-button-text\">Comprar Aqu\u00ed<\/span>\n\t\t\t\t\t<\/span>\n\t\t\t\t\t<\/a>\n\t\t\t\t<\/div>\n\t\t\t\t\t\t\t\t<\/div>\n\t\t\t\t<\/div>\n\t\t\t\t<\/div>\n\t\t\t\t\t<\/div>\n\t\t\t\t<\/div>\n\t\t\t\t<\/div>","protected":false},"excerpt":{"rendered":"<p>Emotional Management for Men Inhabiting My Inner Strength Description A guide created for men who want to understand and transform their emotions without judgment, from a place of authenticity and balance. This ebook provides simple and practical tools to cultivate calm, strengthen the mind, and reconnect with personal well-being. Benefits Recognize and express emotions in [&hellip;]<\/p>\n","protected":false},"author":1,"featured_media":0,"parent":0,"menu_order":0,"comment_status":"closed","ping_status":"closed","template":"","meta":{"_joinchat":[],"footnotes":""},"class_list":["post-1525","page","type-page","status-publish","hentry"],"jetpack_sharing_enabled":true,"_links":{"self":[{"href":"https:\/\/amiaesbienestar.com\/es\/wp-json\/wp\/v2\/pages\/1525","targetHints":{"allow":["GET"]}}],"collection":[{"href":"https:\/\/amiaesbienestar.com\/es\/wp-json\/wp\/v2\/pages"}],"about":[{"href":"https:\/\/amiaesbienestar.com\/es\/wp-json\/wp\/v2\/types\/page"}],"author":[{"embeddable":true,"href":"https:\/\/amiaesbienestar.com\/es\/wp-json\/wp\/v2\/users\/1"}],"replies":[{"embeddable":true,"href":"https:\/\/amiaesbienestar.com\/es\/wp-json\/wp\/v2\/comments?post=1525"}],"version-history":[{"count":20,"href":"https:\/\/amiaesbienestar.com\/es\/wp-json\/wp\/v2\/pages\/1525\/revisions"}],"predecessor-version":[{"id":2349,"href":"https:\/\/amiaesbienestar.com\/es\/wp-json\/wp\/v2\/pages\/1525\/revisions\/2349"}],"wp:attachment":[{"href":"https:\/\/amiaesbienestar.com\/es\/wp-json\/wp\/v2\/media?parent=1525"}],"curies":[{"name":"wp","href":"https:\/\/api.w.org\/{rel}","templated":true}]}}