{"id":1527,"date":"2025-10-14T03:22:22","date_gmt":"2025-10-14T03:22:22","guid":{"rendered":"https:\/\/amiaesbienestar.com\/?page_id=1527"},"modified":"2026-01-15T17:28:20","modified_gmt":"2026-01-15T17:28:20","slug":"life-project","status":"publish","type":"page","link":"https:\/\/amiaesbienestar.com\/es\/life-project\/","title":{"rendered":"Life project"},"content":{"rendered":"<div data-elementor-type=\"wp-page\" data-elementor-id=\"1527\" class=\"elementor elementor-1527\" data-elementor-post-type=\"page\">\n\t\t\t\t<div class=\"elementor-element elementor-element-f899fe2 e-flex e-con-boxed e-con e-parent\" data-id=\"f899fe2\" data-element_type=\"container\" data-e-type=\"container\">\n\t\t\t\t\t<div class=\"e-con-inner\">\n\t\t<div class=\"elementor-element elementor-element-8d36689 e-con-full e-flex e-con e-child\" data-id=\"8d36689\" data-element_type=\"container\" data-e-type=\"container\">\n\t\t\t\t<div class=\"elementor-element elementor-element-91dede4 elementor-widget elementor-widget-heading\" data-id=\"91dede4\" data-element_type=\"widget\" data-e-type=\"widget\" data-widget_type=\"heading.default\">\n\t\t\t\t<div class=\"elementor-widget-container\">\n\t\t\t\t\t<h2 class=\"elementor-heading-title elementor-size-default\">Proyecto de vida<\/h2>\t\t\t\t<\/div>\n\t\t\t\t<\/div>\n\t\t\t\t<div class=\"elementor-element elementor-element-a054d97 elementor-widget elementor-widget-heading\" data-id=\"a054d97\" data-element_type=\"widget\" data-e-type=\"widget\" data-widget_type=\"heading.default\">\n\t\t\t\t<div class=\"elementor-widget-container\">\n\t\t\t\t\t<h2 class=\"elementor-heading-title elementor-size-default\">Dise\u00f1a el camino hacia tu prop\u00f3sito<\/h2>\t\t\t\t<\/div>\n\t\t\t\t<\/div>\n\t\t\t\t<div class=\"elementor-element elementor-element-ff04419 elementor-widget elementor-widget-text-editor\" data-id=\"ff04419\" data-element_type=\"widget\" data-e-type=\"widget\" data-widget_type=\"text-editor.default\">\n\t\t\t\t<div class=\"elementor-widget-container\">\n\t\t\t\t\t\t\t\t\t<p><strong>Descripci\u00f3n<\/strong><\/p><p>El Libro de Proyecto de Vida es una gu\u00eda \u00edntima y pr\u00e1ctica que te invita a pausar, mirar hacia dentro y dise\u00f1ar conscientemente el camino que quieres habitar. No es solo un cuaderno de planes y metas, es un espacio donde tus sue\u00f1os encuentran estructura, tus emociones un lenguaje, y tu visi\u00f3n de futuro un mapa claro.<\/p><p><strong>Beneficios<\/strong><\/p><ul><li aria-level=\"1\"><p>Claridad sobre tus metas personales y profesionales.<\/p><\/li><li aria-level=\"1\"><p>Mayor conexi\u00f3n con tus valores y prop\u00f3sito.<\/p><\/li><li aria-level=\"1\"><p>Herramientas para estructurar un plan de vida realista y motivador.<\/p><\/li><li aria-level=\"1\"><p>Espacios de autoconocimiento y escritura terap\u00e9utica.<\/p><\/li><li aria-level=\"1\"><p>Inspiraci\u00f3n para vivir desde la coherencia, la intenci\u00f3n y la presencia.<\/p><\/li><\/ul><p><b><strong>Dentro de este ebook descubrir\u00e1s:<\/strong><\/b><\/p><ul><li aria-level=\"1\"><p>Ejercicios de escritura guiada y autoexploraci\u00f3n.<\/p><\/li><li aria-level=\"1\"><p>Mapas visuales para tus sue\u00f1os y proyectos.<\/p><\/li><li aria-level=\"1\"><p>Ritual sensoriales que convierten la planeaci\u00f3n en un acto consciente.<\/p><\/li><li aria-level=\"1\"><p>Preguntas poderosas para profundizar en tu prop\u00f3sito.<\/p><\/li><li aria-level=\"1\"><p>Consejos pr\u00e1cticos para sostener tu proyecto de vida en el tiempo.<\/p><\/li><\/ul><p>Cada p\u00e1gina busca despertar no solo tu mente, sino tambi\u00e9n tus sentidos. La invitaci\u00f3n es a leer con una vela encendida, una bebida c\u00e1lida al lado y m\u00fasica suave de fondo. De esta manera, cada ejercicio se transforma en un ritual: un momento tuyo, \u00edntimo y lleno de presencia.<\/p><p><strong>Perm\u00edtete el regalo de habitar tu vida con intenci\u00f3n. Empieza hoy este viaje hacia tu mejor versi\u00f3n y descubre que tu proyecto de vida puede ser la obra m\u00e1s hermosa que escribas.<\/strong><\/p>\t\t\t\t\t\t\t\t<\/div>\n\t\t\t\t<\/div>\n\t\t\t\t<div class=\"elementor-element elementor-element-5c2f5c0 elementor-align-center elementor-widget elementor-widget-button\" data-id=\"5c2f5c0\" data-element_type=\"widget\" data-e-type=\"widget\" data-widget_type=\"button.default\">\n\t\t\t\t<div class=\"elementor-widget-container\">\n\t\t\t\t\t\t\t\t\t<div class=\"elementor-button-wrapper\">\n\t\t\t\t\t<a class=\"elementor-button elementor-button-link elementor-size-sm\" href=\"https:\/\/amiaesbienestar.com\/es\/shop\/life-project\/\">\n\t\t\t\t\t\t<span class=\"elementor-button-content-wrapper\">\n\t\t\t\t\t\t\t\t\t<span class=\"elementor-button-text\">Comprar Aqu\u00ed<\/span>\n\t\t\t\t\t<\/span>\n\t\t\t\t\t<\/a>\n\t\t\t\t<\/div>\n\t\t\t\t\t\t\t\t<\/div>\n\t\t\t\t<\/div>\n\t\t\t\t<\/div>\n\t\t\t\t\t<\/div>\n\t\t\t\t<\/div>\n\t\t\t\t<\/div>","protected":false},"excerpt":{"rendered":"<p>Life Project Design the path toward your purpose Description The Life Project Book is an intimate and practical guide inviting you to pause, look within, and consciously design the path you want to inhabit. Benefits Clarity around your personal and professional goals. Greater connection with your values and purpose. Tools to structure a realistic and [&hellip;]<\/p>\n","protected":false},"author":1,"featured_media":0,"parent":0,"menu_order":0,"comment_status":"closed","ping_status":"closed","template":"","meta":{"_joinchat":[],"footnotes":""},"class_list":["post-1527","page","type-page","status-publish","hentry"],"jetpack_sharing_enabled":true,"_links":{"self":[{"href":"https:\/\/amiaesbienestar.com\/es\/wp-json\/wp\/v2\/pages\/1527","targetHints":{"allow":["GET"]}}],"collection":[{"href":"https:\/\/amiaesbienestar.com\/es\/wp-json\/wp\/v2\/pages"}],"about":[{"href":"https:\/\/amiaesbienestar.com\/es\/wp-json\/wp\/v2\/types\/page"}],"author":[{"embeddable":true,"href":"https:\/\/amiaesbienestar.com\/es\/wp-json\/wp\/v2\/users\/1"}],"replies":[{"embeddable":true,"href":"https:\/\/amiaesbienestar.com\/es\/wp-json\/wp\/v2\/comments?post=1527"}],"version-history":[{"count":18,"href":"https:\/\/amiaesbienestar.com\/es\/wp-json\/wp\/v2\/pages\/1527\/revisions"}],"predecessor-version":[{"id":2352,"href":"https:\/\/amiaesbienestar.com\/es\/wp-json\/wp\/v2\/pages\/1527\/revisions\/2352"}],"wp:attachment":[{"href":"https:\/\/amiaesbienestar.com\/es\/wp-json\/wp\/v2\/media?parent=1527"}],"curies":[{"name":"wp","href":"https:\/\/api.w.org\/{rel}","templated":true}]}}