{"id":1529,"date":"2025-10-14T03:26:54","date_gmt":"2025-10-14T03:26:54","guid":{"rendered":"https:\/\/amiaesbienestar.com\/?page_id=1529"},"modified":"2026-01-15T17:29:07","modified_gmt":"2026-01-15T17:29:07","slug":"mandalas-with-intention","status":"publish","type":"page","link":"https:\/\/amiaesbienestar.com\/es\/mandalas-with-intention\/","title":{"rendered":"M\u00e1ndalas con Intenci\u00f3n"},"content":{"rendered":"<div data-elementor-type=\"wp-page\" data-elementor-id=\"1529\" class=\"elementor elementor-1529\" data-elementor-post-type=\"page\">\n\t\t\t\t<div class=\"elementor-element elementor-element-34b837f e-flex e-con-boxed e-con e-parent\" data-id=\"34b837f\" data-element_type=\"container\" data-e-type=\"container\">\n\t\t\t\t\t<div class=\"e-con-inner\">\n\t\t<div class=\"elementor-element elementor-element-ce66c5a e-con-full e-flex e-con e-child\" data-id=\"ce66c5a\" data-element_type=\"container\" data-e-type=\"container\">\n\t\t\t\t<div class=\"elementor-element elementor-element-994332f elementor-widget elementor-widget-heading\" data-id=\"994332f\" data-element_type=\"widget\" data-e-type=\"widget\" data-widget_type=\"heading.default\">\n\t\t\t\t<div class=\"elementor-widget-container\">\n\t\t\t\t\t<h2 class=\"elementor-heading-title elementor-size-default\">M\u00e1ndalas con Intenci\u00f3n<\/h2>\t\t\t\t<\/div>\n\t\t\t\t<\/div>\n\t\t\t\t<div class=\"elementor-element elementor-element-c9bfb93 elementor-widget elementor-widget-heading\" data-id=\"c9bfb93\" data-element_type=\"widget\" data-e-type=\"widget\" data-widget_type=\"heading.default\">\n\t\t\t\t<div class=\"elementor-widget-container\">\n\t\t\t\t\t<h2 class=\"elementor-heading-title elementor-size-default\">Un viaje de color y alma<\/h2>\t\t\t\t<\/div>\n\t\t\t\t<\/div>\n\t\t\t\t<div class=\"elementor-element elementor-element-07d044a elementor-widget elementor-widget-text-editor\" data-id=\"07d044a\" data-element_type=\"widget\" data-e-type=\"widget\" data-widget_type=\"text-editor.default\">\n\t\t\t\t<div class=\"elementor-widget-container\">\n\t\t\t\t\t\t\t\t\t<p><strong>Descripci\u00f3n<\/strong><\/p><p>M\u00e1s que un libro para colorear, es un viaje emocional. Cada m\u00e1ndala representa una emoci\u00f3n y te invita a conectar con ella a trav\u00e9s del color, la palabra, el aroma y el ritual. Un espacio \u00edntimo para pausar, respirar y transformar lo que sientes.<\/p><p><strong>Beneficios<\/strong><\/p><ul><li aria-level=\"1\"><p>Reconocer y trabajar tus emociones de manera creativa.<\/p><\/li><li aria-level=\"1\"><p>Reducir el estr\u00e9s y la ansiedad a trav\u00e9s del arte consciente.<\/p><\/li><li aria-level=\"1\"><p>Fortalecer la autoconexi\u00f3n con frases y ejercicios de journaling.<\/p><\/li><li aria-level=\"1\"><p>Crear rituales sensoriales que combinan color, intenci\u00f3n y velas Amia.<\/p><\/li><\/ul><p><strong>Dentro de este ebook descubrir\u00e1s:<\/strong><\/p><ul><li aria-level=\"1\"><p>12 m\u00e1ndalas, cada uno inspirado en una emoci\u00f3n (calma, amor propio, gratitud, fortaleza, claridad, presencia, esperanza, paz interior, inspiraci\u00f3n, ternura, libertad emocional y gozo).<\/p><\/li><li aria-level=\"1\"><p>Una frase gu\u00eda, una palabra ancla y un ritual sencillo para cada emoci\u00f3n.<\/p><\/li><li aria-level=\"1\"><p>Espacios para escribir lo que surja durante la pr\u00e1ctica.<\/p><\/li><li aria-level=\"1\"><p>Recomendaciones para acompa\u00f1ar con m\u00fasica, aromas y pausas conscientes.<\/p><\/li><\/ul><p>Cada m\u00e1ndala es m\u00e1s que color: es un ritual. Al encender una vela Amia antes de empezar, el aroma y la luz se convierten en un anclaje emocional que potencia tu conexi\u00f3n. As\u00ed, colorear deja de ser un pasatiempo y se transforma en una experiencia de medicina emocional.<\/p><p><strong>Reg\u00e1late este viaje a trav\u00e9s de los m\u00e1ndalas. Crea tu espacio, enciende tu vela, toma tus colores y deja que cada trazo te devuelva a ti misma.<\/strong><\/p>\t\t\t\t\t\t\t\t<\/div>\n\t\t\t\t<\/div>\n\t\t\t\t<div class=\"elementor-element elementor-element-046eb99 elementor-align-center elementor-widget elementor-widget-button\" data-id=\"046eb99\" data-element_type=\"widget\" data-e-type=\"widget\" data-widget_type=\"button.default\">\n\t\t\t\t<div class=\"elementor-widget-container\">\n\t\t\t\t\t\t\t\t\t<div class=\"elementor-button-wrapper\">\n\t\t\t\t\t<a class=\"elementor-button elementor-button-link elementor-size-sm\" href=\"https:\/\/amiaesbienestar.com\/es\/shop\/mandalas-with-intention\/\">\n\t\t\t\t\t\t<span class=\"elementor-button-content-wrapper\">\n\t\t\t\t\t\t\t\t\t<span class=\"elementor-button-text\">Comprar Aqu\u00ed<\/span>\n\t\t\t\t\t<\/span>\n\t\t\t\t\t<\/a>\n\t\t\t\t<\/div>\n\t\t\t\t\t\t\t\t<\/div>\n\t\t\t\t<\/div>\n\t\t\t\t<\/div>\n\t\t\t\t\t<\/div>\n\t\t\t\t<\/div>\n\t\t\t\t<\/div>","protected":false},"excerpt":{"rendered":"<p>Mandalas with Intention A Journey of Color and Soul Description More than a coloring book, this is an emotional journey. Each mandala represents an emotion and invites you to connect with it through color, words, scent, and ritual. An intimate space to pause, breathe, and transform what you feel. Benefits Recognize and work through your [&hellip;]<\/p>\n","protected":false},"author":1,"featured_media":0,"parent":0,"menu_order":0,"comment_status":"closed","ping_status":"closed","template":"","meta":{"_joinchat":[],"footnotes":""},"class_list":["post-1529","page","type-page","status-publish","hentry"],"jetpack_sharing_enabled":true,"_links":{"self":[{"href":"https:\/\/amiaesbienestar.com\/es\/wp-json\/wp\/v2\/pages\/1529","targetHints":{"allow":["GET"]}}],"collection":[{"href":"https:\/\/amiaesbienestar.com\/es\/wp-json\/wp\/v2\/pages"}],"about":[{"href":"https:\/\/amiaesbienestar.com\/es\/wp-json\/wp\/v2\/types\/page"}],"author":[{"embeddable":true,"href":"https:\/\/amiaesbienestar.com\/es\/wp-json\/wp\/v2\/users\/1"}],"replies":[{"embeddable":true,"href":"https:\/\/amiaesbienestar.com\/es\/wp-json\/wp\/v2\/comments?post=1529"}],"version-history":[{"count":26,"href":"https:\/\/amiaesbienestar.com\/es\/wp-json\/wp\/v2\/pages\/1529\/revisions"}],"predecessor-version":[{"id":2355,"href":"https:\/\/amiaesbienestar.com\/es\/wp-json\/wp\/v2\/pages\/1529\/revisions\/2355"}],"wp:attachment":[{"href":"https:\/\/amiaesbienestar.com\/es\/wp-json\/wp\/v2\/media?parent=1529"}],"curies":[{"name":"wp","href":"https:\/\/api.w.org\/{rel}","templated":true}]}}