{"id":1531,"date":"2025-10-14T03:27:52","date_gmt":"2025-10-14T03:27:52","guid":{"rendered":"https:\/\/amiaesbienestar.com\/?page_id=1531"},"modified":"2025-12-17T23:23:20","modified_gmt":"2025-12-17T23:23:20","slug":"therapeutic-drawing","status":"publish","type":"page","link":"https:\/\/amiaesbienestar.com\/es\/therapeutic-drawing\/","title":{"rendered":"Dibujo Terap\u00e9utico"},"content":{"rendered":"<div data-elementor-type=\"wp-page\" data-elementor-id=\"1531\" class=\"elementor elementor-1531\" data-elementor-post-type=\"page\">\n\t\t\t\t<div class=\"elementor-element elementor-element-6ee75d0 e-flex e-con-boxed e-con e-parent\" data-id=\"6ee75d0\" data-element_type=\"container\" data-e-type=\"container\">\n\t\t\t\t\t<div class=\"e-con-inner\">\n\t\t<div class=\"elementor-element elementor-element-3870404 e-con-full e-flex e-con e-child\" data-id=\"3870404\" data-element_type=\"container\" data-e-type=\"container\">\n\t\t\t\t<div class=\"elementor-element elementor-element-3b912ae elementor-widget elementor-widget-heading\" data-id=\"3b912ae\" data-element_type=\"widget\" data-e-type=\"widget\" data-widget_type=\"heading.default\">\n\t\t\t\t<div class=\"elementor-widget-container\">\n\t\t\t\t\t<h2 class=\"elementor-heading-title elementor-size-default\">Dibujo Terap\u00e9utico<\/h2>\t\t\t\t<\/div>\n\t\t\t\t<\/div>\n\t\t\t\t<div class=\"elementor-element elementor-element-c996c79 elementor-widget elementor-widget-heading\" data-id=\"c996c79\" data-element_type=\"widget\" data-e-type=\"widget\" data-widget_type=\"heading.default\">\n\t\t\t\t<div class=\"elementor-widget-container\">\n\t\t\t\t\t<h2 class=\"elementor-heading-title elementor-size-default\">Trazos que sanan. Un camino de autoconexi\u00f3n a trav\u00e9s del arte intuitivo<\/h2>\t\t\t\t<\/div>\n\t\t\t\t<\/div>\n\t\t\t\t<div class=\"elementor-element elementor-element-12dd19c elementor-widget elementor-widget-text-editor\" data-id=\"12dd19c\" data-element_type=\"widget\" data-e-type=\"widget\" data-widget_type=\"text-editor.default\">\n\t\t\t\t<div class=\"elementor-widget-container\">\n\t\t\t\t\t\t\t\t\t<p><strong>Descripci\u00f3n<\/strong><\/p><p>Un viaje creativo y sanador que te invita a expresarte m\u00e1s all\u00e1 de las palabras. A trav\u00e9s de trazos libres, formas y colores, este ebook abre un espacio seguro para reconocer tus emociones, soltarlas y transformarlas en presencia y calma.<\/p><p><strong>Beneficios<\/strong><\/p><ul><li aria-level=\"1\"><p>Liberar tensiones acumuladas y calmar el sistema nervioso.<\/p><\/li><li aria-level=\"1\"><p>Conectar con emociones profundas sin necesidad de nombrarlas.<\/p><\/li><li aria-level=\"1\"><p>Descubrir nuevas formas de comprenderte y escucharte.<\/p><\/li><li aria-level=\"1\"><p>Transformar el arte en un ritual de autoconexi\u00f3n y medicina emocional.<\/p><\/li><\/ul><p><strong>Dentro de este ebook descubrir\u00e1s:<\/strong><\/p><ul><li aria-level=\"1\"><p>Fundamentos del dibujo terap\u00e9utico y c\u00f3mo usarlo como pr\u00e1ctica de autocuidado.<\/p><\/li><li aria-level=\"1\"><p>21 ejercicios guiados con intenciones claras: desde el dibujo libre emocional hasta mi refugio interior, la forma del miedo, mi br\u00fajula interior y mi jard\u00edn emocional.<\/p><\/li><li aria-level=\"1\"><p>Preguntas de integraci\u00f3n para reflexionar despu\u00e9s de cada pr\u00e1ctica.<\/p><\/li><li aria-level=\"1\"><p>Rituales de inicio con velas Amia, m\u00fasica suave y respiraci\u00f3n consciente.<\/p><\/li><li aria-level=\"1\"><p>Espacios para crear s\u00edmbolos, mandalas y amuletos visuales que funcionen como anclajes emocionales.<\/p><\/li><\/ul><p>Cada ejercicio se convierte en un ritual cuando lo acompa\u00f1as con una vela Amia, m\u00fasica instrumental y respiraci\u00f3n. El fuego y el aroma son anclas que intensifican el proceso, transformando el dibujo en un acto de presencia y autocuidado.<\/p><p><strong>No necesitas ser artista para comenzar. Solo un papel, colores y la disposici\u00f3n de mirarte con ternura. Deja que tu trazo hable por ti y haz de este ebook un refugio creativo donde tus emociones encuentren un hogar.<\/strong><\/p>\t\t\t\t\t\t\t\t<\/div>\n\t\t\t\t<\/div>\n\t\t\t\t<div class=\"elementor-element elementor-element-9bb34c8 elementor-align-center elementor-widget elementor-widget-button\" data-id=\"9bb34c8\" data-element_type=\"widget\" data-e-type=\"widget\" data-widget_type=\"button.default\">\n\t\t\t\t<div class=\"elementor-widget-container\">\n\t\t\t\t\t\t\t\t\t<div class=\"elementor-button-wrapper\">\n\t\t\t\t\t<a class=\"elementor-button elementor-button-link elementor-size-sm\" href=\"https:\/\/amiaesbienestar.com\/es\/shop\/\">\n\t\t\t\t\t\t<span class=\"elementor-button-content-wrapper\">\n\t\t\t\t\t\t\t\t\t<span class=\"elementor-button-text\">Comprar Aqu\u00ed<\/span>\n\t\t\t\t\t<\/span>\n\t\t\t\t\t<\/a>\n\t\t\t\t<\/div>\n\t\t\t\t\t\t\t\t<\/div>\n\t\t\t\t<\/div>\n\t\t\t\t<\/div>\n\t\t\t\t\t<\/div>\n\t\t\t\t<\/div>\n\t\t\t\t<\/div>","protected":false},"excerpt":{"rendered":"<p>Therapeutic Drawing Healing Strokes. A Path of Self-Connection Through Intuitive Art Description A creative and healing journey that invites you to express yourself beyond words. Through free strokes, shapes, and colors, this ebook opens a safe space to recognize your emotions, release them, and transform them with presence and calm. Benefits Release accumulated tension and [&hellip;]<\/p>\n","protected":false},"author":1,"featured_media":0,"parent":0,"menu_order":0,"comment_status":"closed","ping_status":"closed","template":"","meta":{"_joinchat":[],"footnotes":""},"class_list":["post-1531","page","type-page","status-publish","hentry"],"jetpack_sharing_enabled":true,"_links":{"self":[{"href":"https:\/\/amiaesbienestar.com\/es\/wp-json\/wp\/v2\/pages\/1531","targetHints":{"allow":["GET"]}}],"collection":[{"href":"https:\/\/amiaesbienestar.com\/es\/wp-json\/wp\/v2\/pages"}],"about":[{"href":"https:\/\/amiaesbienestar.com\/es\/wp-json\/wp\/v2\/types\/page"}],"author":[{"embeddable":true,"href":"https:\/\/amiaesbienestar.com\/es\/wp-json\/wp\/v2\/users\/1"}],"replies":[{"embeddable":true,"href":"https:\/\/amiaesbienestar.com\/es\/wp-json\/wp\/v2\/comments?post=1531"}],"version-history":[{"count":26,"href":"https:\/\/amiaesbienestar.com\/es\/wp-json\/wp\/v2\/pages\/1531\/revisions"}],"predecessor-version":[{"id":2320,"href":"https:\/\/amiaesbienestar.com\/es\/wp-json\/wp\/v2\/pages\/1531\/revisions\/2320"}],"wp:attachment":[{"href":"https:\/\/amiaesbienestar.com\/es\/wp-json\/wp\/v2\/media?parent=1531"}],"curies":[{"name":"wp","href":"https:\/\/api.w.org\/{rel}","templated":true}]}}