{"id":1533,"date":"2025-10-14T03:28:27","date_gmt":"2025-10-14T03:28:27","guid":{"rendered":"https:\/\/amiaesbienestar.com\/?page_id=1533"},"modified":"2026-01-15T17:31:37","modified_gmt":"2026-01-15T17:31:37","slug":"22-days-for-you","status":"publish","type":"page","link":"https:\/\/amiaesbienestar.com\/es\/22-days-for-you\/","title":{"rendered":"22 d\u00edas para ti"},"content":{"rendered":"<div data-elementor-type=\"wp-page\" data-elementor-id=\"1533\" class=\"elementor elementor-1533\" data-elementor-post-type=\"page\">\n\t\t\t\t<div class=\"elementor-element elementor-element-35ab086 e-flex e-con-boxed e-con e-parent\" data-id=\"35ab086\" data-element_type=\"container\" data-e-type=\"container\">\n\t\t\t\t\t<div class=\"e-con-inner\">\n\t\t<div class=\"elementor-element elementor-element-bb2655b e-con-full e-flex e-con e-child\" data-id=\"bb2655b\" data-element_type=\"container\" data-e-type=\"container\">\n\t\t\t\t<div class=\"elementor-element elementor-element-9f396ee elementor-widget elementor-widget-heading\" data-id=\"9f396ee\" data-element_type=\"widget\" data-e-type=\"widget\" data-widget_type=\"heading.default\">\n\t\t\t\t<div class=\"elementor-widget-container\">\n\t\t\t\t\t<h2 class=\"elementor-heading-title elementor-size-default\">22 d\u00edas para ti<\/h2>\t\t\t\t<\/div>\n\t\t\t\t<\/div>\n\t\t\t\t<div class=\"elementor-element elementor-element-27f03a0 elementor-widget elementor-widget-heading\" data-id=\"27f03a0\" data-element_type=\"widget\" data-e-type=\"widget\" data-widget_type=\"heading.default\">\n\t\t\t\t<div class=\"elementor-widget-container\">\n\t\t\t\t\t<h2 class=\"elementor-heading-title elementor-size-default\">Presencia y palabras para cada momento<\/h2>\t\t\t\t<\/div>\n\t\t\t\t<\/div>\n\t\t\t\t<div class=\"elementor-element elementor-element-0039b37 elementor-widget elementor-widget-text-editor\" data-id=\"0039b37\" data-element_type=\"widget\" data-e-type=\"widget\" data-widget_type=\"text-editor.default\">\n\t\t\t\t<div class=\"elementor-widget-container\">\n\t\t\t\t\t\t\t\t\t<p><strong>Descripci\u00f3n<\/strong><\/p><p><span style=\"font-weight: 400;\">Un refugio sensorial con 22 rituales para acompa\u00f1arte en distintas etapas del alma: cuando necesitas calma, soltar, agradecer, comenzar de nuevo o volver al cuerpo. Cada d\u00eda es un puente suave de regreso a ti, con palabras, aromas y momentos de presencia.<\/span><\/p><p><strong>Beneficios<\/strong><\/p><ul><li aria-level=\"1\"><p>Reconectar contigo misma en cualquier etapa emocional.<\/p><\/li><li aria-level=\"1\"><p>Explorar rituales pr\u00e1cticos que combinan escritura, respiraci\u00f3n y anclajes sensoriales.<\/p><\/li><li aria-level=\"1\"><p>Crear h\u00e1bitos de autocuidado sostenibles y amorosos.<\/p><\/li><li aria-level=\"1\"><p>Transformar tu rutina en espacios de pausa y medicina emocional.<\/p><\/li><\/ul><p><strong>Dentro de este ebook descubrir\u00e1s:<\/strong><\/p><ul><li aria-level=\"1\"><p>22 rituales guiados para estar presente, calmar la ansiedad, transitar un duelo, agradecer, manifestar, cultivar paciencia y m\u00e1s.<\/p><\/li><li aria-level=\"1\"><p>Cada ritual incluye: vela Amia, intenci\u00f3n, acci\u00f3n simb\u00f3lica, escritura y respiraci\u00f3n.<\/p><\/li><li aria-level=\"1\"><p>Espacios para journaling y frases ancla que sostienen tu proceso.<\/p><\/li><li aria-level=\"1\"><p>Bonos extra con pr\u00e1cticas para soltar el pasado, las culpas y el control.<\/p><\/li><li aria-level=\"1\"><p>Acceso a meditaciones guiadas y playlists mediante c\u00f3digos QR.<\/p><\/li><\/ul><p>Este no es un libro para \u201chacer\u201d, sino para sentir. Cada ritual se acompa\u00f1a con una vela Amia que ilumina, un aroma que ancla y una palabra que te gu\u00eda. As\u00ed, cada pr\u00e1ctica se convierte en un momento \u00edntimo de conexi\u00f3n y calma.<\/p><p><strong>Reg\u00e1late 22 d\u00edas \u2014o los que necesites\u2014 para volver a ti. Este ebook ser\u00e1 tu gu\u00eda amorosa para encender, respirar y habitarte con presencia.<\/strong><\/p>\t\t\t\t\t\t\t\t<\/div>\n\t\t\t\t<\/div>\n\t\t\t\t<div class=\"elementor-element elementor-element-46ba60c elementor-align-center elementor-widget elementor-widget-button\" data-id=\"46ba60c\" data-element_type=\"widget\" data-e-type=\"widget\" data-widget_type=\"button.default\">\n\t\t\t\t<div class=\"elementor-widget-container\">\n\t\t\t\t\t\t\t\t\t<div class=\"elementor-button-wrapper\">\n\t\t\t\t\t<a class=\"elementor-button elementor-button-link elementor-size-sm\" href=\"https:\/\/amiaesbienestar.com\/es\/shop\/22-days-for-you\/\">\n\t\t\t\t\t\t<span class=\"elementor-button-content-wrapper\">\n\t\t\t\t\t\t\t\t\t<span class=\"elementor-button-text\">Comprar Aqu\u00ed<\/span>\n\t\t\t\t\t<\/span>\n\t\t\t\t\t<\/a>\n\t\t\t\t<\/div>\n\t\t\t\t\t\t\t\t<\/div>\n\t\t\t\t<\/div>\n\t\t\t\t<\/div>\n\t\t\t\t\t<\/div>\n\t\t\t\t<\/div>\n\t\t\t\t<\/div>","protected":false},"excerpt":{"rendered":"<p>22 Days for You Presence and Words for Every Moment Description A sensory refuge with 22 rituals designed to accompany you through different stages of the soul: when you need calm, release, gratitude, a fresh start, or a return to yourself. Each day is a gentle bridge back to you, through words, aromas, and moments [&hellip;]<\/p>\n","protected":false},"author":1,"featured_media":0,"parent":0,"menu_order":0,"comment_status":"closed","ping_status":"closed","template":"","meta":{"_joinchat":[],"footnotes":""},"class_list":["post-1533","page","type-page","status-publish","hentry"],"jetpack_sharing_enabled":true,"_links":{"self":[{"href":"https:\/\/amiaesbienestar.com\/es\/wp-json\/wp\/v2\/pages\/1533","targetHints":{"allow":["GET"]}}],"collection":[{"href":"https:\/\/amiaesbienestar.com\/es\/wp-json\/wp\/v2\/pages"}],"about":[{"href":"https:\/\/amiaesbienestar.com\/es\/wp-json\/wp\/v2\/types\/page"}],"author":[{"embeddable":true,"href":"https:\/\/amiaesbienestar.com\/es\/wp-json\/wp\/v2\/users\/1"}],"replies":[{"embeddable":true,"href":"https:\/\/amiaesbienestar.com\/es\/wp-json\/wp\/v2\/comments?post=1533"}],"version-history":[{"count":20,"href":"https:\/\/amiaesbienestar.com\/es\/wp-json\/wp\/v2\/pages\/1533\/revisions"}],"predecessor-version":[{"id":2358,"href":"https:\/\/amiaesbienestar.com\/es\/wp-json\/wp\/v2\/pages\/1533\/revisions\/2358"}],"wp:attachment":[{"href":"https:\/\/amiaesbienestar.com\/es\/wp-json\/wp\/v2\/media?parent=1533"}],"curies":[{"name":"wp","href":"https:\/\/api.w.org\/{rel}","templated":true}]}}