{"id":1535,"date":"2025-10-14T03:29:14","date_gmt":"2025-10-14T03:29:14","guid":{"rendered":"https:\/\/amiaesbienestar.com\/?page_id=1535"},"modified":"2026-01-15T17:32:33","modified_gmt":"2026-01-15T17:32:33","slug":"66-ways-to-return-to-yourself","status":"publish","type":"page","link":"https:\/\/amiaesbienestar.com\/es\/66-ways-to-return-to-yourself\/","title":{"rendered":"66 formas de volver a ti"},"content":{"rendered":"<div data-elementor-type=\"wp-page\" data-elementor-id=\"1535\" class=\"elementor elementor-1535\" data-elementor-post-type=\"page\">\n\t\t\t\t<div class=\"elementor-element elementor-element-ffe8213 e-flex e-con-boxed e-con e-parent\" data-id=\"ffe8213\" data-element_type=\"container\" data-e-type=\"container\">\n\t\t\t\t\t<div class=\"e-con-inner\">\n\t\t<div class=\"elementor-element elementor-element-c52b388 e-con-full e-flex e-con e-child\" data-id=\"c52b388\" data-element_type=\"container\" data-e-type=\"container\">\n\t\t\t\t<div class=\"elementor-element elementor-element-7c16398 elementor-widget elementor-widget-heading\" data-id=\"7c16398\" data-element_type=\"widget\" data-e-type=\"widget\" data-widget_type=\"heading.default\">\n\t\t\t\t<div class=\"elementor-widget-container\">\n\t\t\t\t\t<h2 class=\"elementor-heading-title elementor-size-default\">66 formas de volver a ti<\/h2>\t\t\t\t<\/div>\n\t\t\t\t<\/div>\n\t\t\t\t<div class=\"elementor-element elementor-element-d42ebed elementor-widget elementor-widget-heading\" data-id=\"d42ebed\" data-element_type=\"widget\" data-e-type=\"widget\" data-widget_type=\"heading.default\">\n\t\t\t\t<div class=\"elementor-widget-container\">\n\t\t\t\t\t<h2 class=\"elementor-heading-title elementor-size-default\">Cartas de conexi\u00f3n Amia<\/h2>\t\t\t\t<\/div>\n\t\t\t\t<\/div>\n\t\t\t\t<div class=\"elementor-element elementor-element-bad7382 elementor-widget elementor-widget-text-editor\" data-id=\"bad7382\" data-element_type=\"widget\" data-e-type=\"widget\" data-widget_type=\"text-editor.default\">\n\t\t\t\t<div class=\"elementor-widget-container\">\n\t\t\t\t\t\t\t\t\t<p><strong>Descripci\u00f3n<\/strong><\/p><p>Un mazo de cartas dise\u00f1ado para acompa\u00f1arte en tu d\u00eda a d\u00eda con gestos simples y poderosos. Cada carta es una invitaci\u00f3n a reconectar contigo misma a trav\u00e9s del movimiento, la escritura, el autocuidado, la creatividad, los v\u00ednculos y peque\u00f1os retos conscientes.<\/p><p><strong>Beneficios<\/strong><\/p><ul><li aria-level=\"1\"><p>Recuperar la conexi\u00f3n contigo en medio de la rutina.<\/p><\/li><li aria-level=\"1\"><p>Incorporar pausas conscientes y rituales sencillos.<\/p><\/li><li aria-level=\"1\"><p>Despertar la creatividad y el autoconocimiento.<\/p><\/li><li aria-level=\"1\"><p>Fortalecer v\u00ednculos y cultivar gratitud en lo cotidiano.<\/p><\/li><\/ul><p><strong>Dentro de este ebook descubrir\u00e1s:<\/strong><\/p><p>66 propuestas de conexi\u00f3n divididas en seis categor\u00edas:<\/p><ul><li aria-level=\"2\"><p>Movimiento y cuerpo: gestos de presencia y vitalidad.<\/p><\/li><li aria-level=\"2\"><p>Escritura y autoconocimiento: palabras que sanan y gu\u00edan.<\/p><\/li><li aria-level=\"2\"><p>Bienestar y autocuidado: rituales cotidianos de amor propio.<\/p><\/li><li aria-level=\"2\"><p>Creatividad y expresi\u00f3n: ejercicios art\u00edsticos y l\u00fadicos.<\/p><\/li><li aria-level=\"2\"><p>Conexi\u00f3n con otros: gestos de amor hacia los dem\u00e1s.<\/p><\/li><li aria-level=\"2\"><p>Retos conscientes: desaf\u00edos suaves para salir de la rutina.<\/p><\/li><\/ul><p>Cada carta puede convertirse en un ritual completo al encender una vela Amia que acompa\u00f1e la pr\u00e1ctica. El aroma y la luz act\u00faan como anclajes emocionales que intensifican la experiencia y te ayudan a grabar ese momento en tu memoria sensorial.<\/p><p><strong>Deja que estas cartas te gu\u00eden sin exigencias. Elige una al azar cada d\u00eda o cuando lo necesites, y permite que su invitaci\u00f3n te devuelva a ti con amor y presencia.<\/strong><\/p>\t\t\t\t\t\t\t\t<\/div>\n\t\t\t\t<\/div>\n\t\t\t\t<div class=\"elementor-element elementor-element-8ee275c elementor-align-center elementor-widget elementor-widget-button\" data-id=\"8ee275c\" data-element_type=\"widget\" data-e-type=\"widget\" data-widget_type=\"button.default\">\n\t\t\t\t<div class=\"elementor-widget-container\">\n\t\t\t\t\t\t\t\t\t<div class=\"elementor-button-wrapper\">\n\t\t\t\t\t<a class=\"elementor-button elementor-button-link elementor-size-sm\" href=\"https:\/\/amiaesbienestar.com\/es\/shop\/66-ways-to-come-back-to-you\/\">\n\t\t\t\t\t\t<span class=\"elementor-button-content-wrapper\">\n\t\t\t\t\t\t\t\t\t<span class=\"elementor-button-text\">Comprar Aqu\u00ed<\/span>\n\t\t\t\t\t<\/span>\n\t\t\t\t\t<\/a>\n\t\t\t\t<\/div>\n\t\t\t\t\t\t\t\t<\/div>\n\t\t\t\t<\/div>\n\t\t\t\t<\/div>\n\t\t\t\t\t<\/div>\n\t\t\t\t<\/div>\n\t\t\t\t<\/div>","protected":false},"excerpt":{"rendered":"<p>66 Ways to Return to Yourself Amia Connection Cards Description A deck of cards designed to accompany you in your day-to-day life through simple yet powerful gestures. Each card is an invitation to reconnect with yourself through movement, writing, self-care, creativity, connection with others, and gentle conscious challenges. Benefits Restore connection with yourself in the [&hellip;]<\/p>\n","protected":false},"author":1,"featured_media":0,"parent":0,"menu_order":0,"comment_status":"closed","ping_status":"closed","template":"","meta":{"_joinchat":[],"footnotes":""},"class_list":["post-1535","page","type-page","status-publish","hentry"],"jetpack_sharing_enabled":true,"_links":{"self":[{"href":"https:\/\/amiaesbienestar.com\/es\/wp-json\/wp\/v2\/pages\/1535","targetHints":{"allow":["GET"]}}],"collection":[{"href":"https:\/\/amiaesbienestar.com\/es\/wp-json\/wp\/v2\/pages"}],"about":[{"href":"https:\/\/amiaesbienestar.com\/es\/wp-json\/wp\/v2\/types\/page"}],"author":[{"embeddable":true,"href":"https:\/\/amiaesbienestar.com\/es\/wp-json\/wp\/v2\/users\/1"}],"replies":[{"embeddable":true,"href":"https:\/\/amiaesbienestar.com\/es\/wp-json\/wp\/v2\/comments?post=1535"}],"version-history":[{"count":29,"href":"https:\/\/amiaesbienestar.com\/es\/wp-json\/wp\/v2\/pages\/1535\/revisions"}],"predecessor-version":[{"id":2361,"href":"https:\/\/amiaesbienestar.com\/es\/wp-json\/wp\/v2\/pages\/1535\/revisions\/2361"}],"wp:attachment":[{"href":"https:\/\/amiaesbienestar.com\/es\/wp-json\/wp\/v2\/media?parent=1535"}],"curies":[{"name":"wp","href":"https:\/\/api.w.org\/{rel}","templated":true}]}}