{"id":1537,"date":"2025-10-14T03:29:58","date_gmt":"2025-10-14T03:29:58","guid":{"rendered":"https:\/\/amiaesbienestar.com\/?page_id=1537"},"modified":"2026-01-15T17:33:16","modified_gmt":"2026-01-15T17:33:16","slug":"the-logbook-of-the-soul","status":"publish","type":"page","link":"https:\/\/amiaesbienestar.com\/es\/the-logbook-of-the-soul\/","title":{"rendered":"The Logbook of the Soul"},"content":{"rendered":"<div data-elementor-type=\"wp-page\" data-elementor-id=\"1537\" class=\"elementor elementor-1537\" data-elementor-post-type=\"page\">\n\t\t\t\t<div class=\"elementor-element elementor-element-45e6884 e-flex e-con-boxed e-con e-parent\" data-id=\"45e6884\" data-element_type=\"container\" data-e-type=\"container\">\n\t\t\t\t\t<div class=\"e-con-inner\">\n\t\t<div class=\"elementor-element elementor-element-7f7cb49 e-con-full e-flex e-con e-child\" data-id=\"7f7cb49\" data-element_type=\"container\" data-e-type=\"container\">\n\t\t\t\t<div class=\"elementor-element elementor-element-e93bb1c elementor-widget elementor-widget-heading\" data-id=\"e93bb1c\" data-element_type=\"widget\" data-e-type=\"widget\" data-widget_type=\"heading.default\">\n\t\t\t\t<div class=\"elementor-widget-container\">\n\t\t\t\t\t<h2 class=\"elementor-heading-title elementor-size-default\">La Bit\u00e1cora del Alma<\/h2>\t\t\t\t<\/div>\n\t\t\t\t<\/div>\n\t\t\t\t<div class=\"elementor-element elementor-element-c4facca elementor-widget elementor-widget-heading\" data-id=\"c4facca\" data-element_type=\"widget\" data-e-type=\"widget\" data-widget_type=\"heading.default\">\n\t\t\t\t<div class=\"elementor-widget-container\">\n\t\t\t\t\t<h2 class=\"elementor-heading-title elementor-size-default\">Un journal para habitarte con amor y presencia<\/h2>\t\t\t\t<\/div>\n\t\t\t\t<\/div>\n\t\t\t\t<div class=\"elementor-element elementor-element-f14cd7b elementor-widget elementor-widget-text-editor\" data-id=\"f14cd7b\" data-element_type=\"widget\" data-e-type=\"widget\" data-widget_type=\"text-editor.default\">\n\t\t\t\t<div class=\"elementor-widget-container\">\n\t\t\t\t\t\t\t\t\t<p><strong>Descripci\u00f3n<\/strong><\/p><p>Un espacio \u00edntimo creado para acompa\u00f1arte en tu proceso de autodescubrimiento y gesti\u00f3n emocional. La Bit\u00e1cora del Alma es m\u00e1s que un cuaderno: es una gu\u00eda terap\u00e9utica que combina escritura, actividades creativas y rituales sensoriales para ayudarte a escucharte, sanar y florecer.<\/p><p><strong>Beneficios<\/strong><\/p><ul><li aria-level=\"1\"><p>Explorar tus emociones y pensamientos con claridad.<\/p><\/li><li aria-level=\"1\"><p>Regular el sistema nervioso a trav\u00e9s de escritura y rituales suaves.<\/p><\/li><li aria-level=\"1\"><p>Activar tu creatividad y tu conexi\u00f3n espiritual.<\/p><\/li><li aria-level=\"1\"><p>Crear h\u00e1bitos diarios de autoconexi\u00f3n y autocuidado.<\/p><\/li><\/ul><p><strong>Dentro de este ebook descubrir\u00e1s:<\/strong><\/p><ul><li aria-level=\"1\"><p>Mensaje de bienvenida y explicaci\u00f3n sobre c\u00f3mo usar tu bit\u00e1cora.<\/p><\/li><li aria-level=\"1\"><p>Actividades de mindfulness, autodesarrollo y empoderamiento.<\/p><\/li><li aria-level=\"1\"><p>Espacios de escritura libre, dibujo y reflexi\u00f3n.<\/p><\/li><li aria-level=\"1\"><p>Calendario emocional y mandalas para observar tu estado interior.<\/p><\/li><li aria-level=\"1\"><p>Rituales guiados, cartas personales y pr\u00e1cticas de sanaci\u00f3n.<\/p><\/li><\/ul><p>La Bit\u00e1cora del Alma est\u00e1 pensada para ser parte de tus rituales cotidianos. Acompa\u00f1a tus p\u00e1ginas con una vela Amia, m\u00fasica suave o una infusi\u00f3n, y convierte cada ejercicio en un momento de calma y medicina emocional.<\/p><p><strong>Haz de esta bit\u00e1cora tu refugio personal. Perm\u00edtete escribir, dibujar, sentir y dejar que cada p\u00e1gina sea un recordatorio de que dentro de ti habita la fuerza y la ternura que necesitas.<\/strong><\/p>\t\t\t\t\t\t\t\t<\/div>\n\t\t\t\t<\/div>\n\t\t\t\t<div class=\"elementor-element elementor-element-a4e3db2 elementor-align-center elementor-widget elementor-widget-button\" data-id=\"a4e3db2\" data-element_type=\"widget\" data-e-type=\"widget\" data-widget_type=\"button.default\">\n\t\t\t\t<div class=\"elementor-widget-container\">\n\t\t\t\t\t\t\t\t\t<div class=\"elementor-button-wrapper\">\n\t\t\t\t\t<a class=\"elementor-button elementor-button-link elementor-size-sm\" href=\"https:\/\/amiaesbienestar.com\/es\/shop\/the-souls-logbook\/\">\n\t\t\t\t\t\t<span class=\"elementor-button-content-wrapper\">\n\t\t\t\t\t\t\t\t\t<span class=\"elementor-button-text\">Comprar Aqu\u00ed<\/span>\n\t\t\t\t\t<\/span>\n\t\t\t\t\t<\/a>\n\t\t\t\t<\/div>\n\t\t\t\t\t\t\t\t<\/div>\n\t\t\t\t<\/div>\n\t\t\t\t<\/div>\n\t\t\t\t\t<\/div>\n\t\t\t\t<\/div>\n\t\t\t\t<\/div>","protected":false},"excerpt":{"rendered":"<p>The Soul\u2019s Logbook A Journal to Inhabit Yourself with Love and Presence Description An intimate space created to accompany you on your journey of self-discovery and emotional awareness. The Soul\u2019s Logbook is more than a notebook: it is a therapeutic guide that combines writing, creative activities, and sensory rituals to help you listen to yourself, [&hellip;]<\/p>\n","protected":false},"author":1,"featured_media":0,"parent":0,"menu_order":0,"comment_status":"closed","ping_status":"closed","template":"","meta":{"_joinchat":[],"footnotes":""},"class_list":["post-1537","page","type-page","status-publish","hentry"],"jetpack_sharing_enabled":true,"_links":{"self":[{"href":"https:\/\/amiaesbienestar.com\/es\/wp-json\/wp\/v2\/pages\/1537","targetHints":{"allow":["GET"]}}],"collection":[{"href":"https:\/\/amiaesbienestar.com\/es\/wp-json\/wp\/v2\/pages"}],"about":[{"href":"https:\/\/amiaesbienestar.com\/es\/wp-json\/wp\/v2\/types\/page"}],"author":[{"embeddable":true,"href":"https:\/\/amiaesbienestar.com\/es\/wp-json\/wp\/v2\/users\/1"}],"replies":[{"embeddable":true,"href":"https:\/\/amiaesbienestar.com\/es\/wp-json\/wp\/v2\/comments?post=1537"}],"version-history":[{"count":17,"href":"https:\/\/amiaesbienestar.com\/es\/wp-json\/wp\/v2\/pages\/1537\/revisions"}],"predecessor-version":[{"id":2364,"href":"https:\/\/amiaesbienestar.com\/es\/wp-json\/wp\/v2\/pages\/1537\/revisions\/2364"}],"wp:attachment":[{"href":"https:\/\/amiaesbienestar.com\/es\/wp-json\/wp\/v2\/media?parent=1537"}],"curies":[{"name":"wp","href":"https:\/\/api.w.org\/{rel}","templated":true}]}}