{"id":1617,"date":"2025-10-14T05:03:08","date_gmt":"2025-10-14T05:03:08","guid":{"rendered":"https:\/\/amiaesbienestar.com\/?page_id=1617"},"modified":"2025-12-16T15:10:47","modified_gmt":"2025-12-16T15:10:47","slug":"therapeutic-writing","status":"publish","type":"page","link":"https:\/\/amiaesbienestar.com\/es\/therapeutic-writing\/","title":{"rendered":"Escritura terap\u00e9utica"},"content":{"rendered":"<div data-elementor-type=\"wp-page\" data-elementor-id=\"1617\" class=\"elementor elementor-1617\" data-elementor-post-type=\"page\">\n\t\t\t\t<div class=\"elementor-element elementor-element-d7d83aa e-flex e-con-boxed e-con e-parent\" data-id=\"d7d83aa\" data-element_type=\"container\" data-e-type=\"container\">\n\t\t\t\t\t<div class=\"e-con-inner\">\n\t\t<div class=\"elementor-element elementor-element-b14b114 e-con-full e-flex e-con e-child\" data-id=\"b14b114\" data-element_type=\"container\" data-e-type=\"container\">\n\t\t\t\t<div class=\"elementor-element elementor-element-f9b0751 elementor-widget elementor-widget-heading\" data-id=\"f9b0751\" data-element_type=\"widget\" data-e-type=\"widget\" data-widget_type=\"heading.default\">\n\t\t\t\t<div class=\"elementor-widget-container\">\n\t\t\t\t\t<h2 class=\"elementor-heading-title elementor-size-default\">Escritura terap\u00e9utica<\/h2>\t\t\t\t<\/div>\n\t\t\t\t<\/div>\n\t\t\t\t<div class=\"elementor-element elementor-element-804b759 elementor-widget elementor-widget-heading\" data-id=\"804b759\" data-element_type=\"widget\" data-e-type=\"widget\" data-widget_type=\"heading.default\">\n\t\t\t\t<div class=\"elementor-widget-container\">\n\t\t\t\t\t<h2 class=\"elementor-heading-title elementor-size-default\">Escribir para sanar<\/h2>\t\t\t\t<\/div>\n\t\t\t\t<\/div>\n\t\t\t\t<div class=\"elementor-element elementor-element-36fc749 elementor-widget elementor-widget-text-editor\" data-id=\"36fc749\" data-element_type=\"widget\" data-e-type=\"widget\" data-widget_type=\"text-editor.default\">\n\t\t\t\t<div class=\"elementor-widget-container\">\n\t\t\t\t\t\t\t\t\t<p><strong>Descripci\u00f3n<\/strong><\/p><p>La escritura terap\u00e9utica es un refugio \u00edntimo donde tus palabras se convierten en un espejo del alma. Al escribir, transformas lo que sientes en claridad, orden y calma. No necesitas experiencia, solo la disposici\u00f3n de abrir tu cuaderno y dejar que tus pensamientos fluyan.<\/p><p><strong>Beneficios<\/strong><\/p><ul><li aria-level=\"1\"><p>Reduce el estr\u00e9s y libera tensiones emocionales.<\/p><\/li><li aria-level=\"1\"><p>Aclara tu mente, ayud\u00e1ndote a organizar ideas y emociones.<\/p><\/li><li aria-level=\"1\"><p>Fortalece tu amor propio al reconocerte en cada palabra.<\/p><\/li><li aria-level=\"1\"><p>Cultiva la calma interior, regulando tu energ\u00eda y bienestar.<\/p><\/li><\/ul><p><strong>Dentro de este ebook descubrir\u00e1s:<\/strong><\/p><ul><li aria-level=\"1\"><p>Fundamentos de la escritura terap\u00e9utica: qu\u00e9 la hace distinta y por qu\u00e9 es medicina emocional.<\/p><\/li><li aria-level=\"1\"><p>Beneficios emocionales, mentales y f\u00edsicos de escribir con conciencia: claridad, calma y liberaci\u00f3n.<\/p><\/li><li aria-level=\"1\"><p>Rituales de inicio: encender una vela, respirar y crear tu rinc\u00f3n \u00edntimo de palabras.<\/p><\/li><li aria-level=\"1\"><p>Elementos sensoriales que acompa\u00f1an tu pr\u00e1ctica: m\u00fasica, aromas y s\u00edmbolos de presencia.<\/p><\/li><li aria-level=\"1\"><p>Ejercicios guiados por enfoque (Salud, Amor y Bienestar) para sanar, agradecer y reconectar.<\/p><\/li><li aria-level=\"1\"><p>Un recorrido de 7 d\u00edas con palabras ancla, preguntas y rituales diarios que te devuelven a ti.<\/p><\/li><li aria-level=\"1\"><p>P\u00e1ginas libres de journaling para escribir sin filtros, solo desde tu verdad.<\/p><\/li><li aria-level=\"1\"><p>Un ritual de despedida para cerrar el viaje con gratitud y volver a tu centro.<\/p><\/li><\/ul><p>Cuando enciendes tu vela Amia para acompa\u00f1ar la escritura, el aroma y la luz se convierten en un anclaje que intensifica la experiencia. El fuego te inspira, la fragancia te envuelve y cada palabra escrita se transforma en un acto de medicina emocional.<\/p><p><strong>Empieza hoy mismo tu pr\u00e1ctica de escritura terap\u00e9utica. Haz de cada p\u00e1gina un espacio para sanar, agradecer y habitarte, siempre acompa\u00f1ada de la calidez de tu vela Amia.<\/strong><\/p>\t\t\t\t\t\t\t\t<\/div>\n\t\t\t\t<\/div>\n\t\t\t\t<div class=\"elementor-element elementor-element-5a92ffd elementor-align-center elementor-widget elementor-widget-button\" data-id=\"5a92ffd\" data-element_type=\"widget\" data-e-type=\"widget\" data-widget_type=\"button.default\">\n\t\t\t\t<div class=\"elementor-widget-container\">\n\t\t\t\t\t\t\t\t\t<div class=\"elementor-button-wrapper\">\n\t\t\t\t\t<a class=\"elementor-button elementor-button-link elementor-size-sm\" href=\"https:\/\/amiaesbienestar.com\/es\/shop\/therapeutic-writing\/\">\n\t\t\t\t\t\t<span class=\"elementor-button-content-wrapper\">\n\t\t\t\t\t\t\t\t\t<span class=\"elementor-button-text\">Comprar Aqu\u00ed<\/span>\n\t\t\t\t\t<\/span>\n\t\t\t\t\t<\/a>\n\t\t\t\t<\/div>\n\t\t\t\t\t\t\t\t<\/div>\n\t\t\t\t<\/div>\n\t\t\t\t<\/div>\n\t\t\t\t\t<\/div>\n\t\t\t\t<\/div>\n\t\t\t\t<\/div>","protected":false},"excerpt":{"rendered":"<p>Therapeutic Writing Writing to Heal Description Therapeutic writing is an intimate refuge where your words become a mirror of the soul. Through writing, you transform what you feel into clarity, order, and calm. You don\u2019t need experience\u2014only the willingness to open your notebook and let your thoughts flow. Benefits Reduces stress and releases emotional tension. [&hellip;]<\/p>\n","protected":false},"author":1,"featured_media":0,"parent":0,"menu_order":0,"comment_status":"closed","ping_status":"closed","template":"","meta":{"_joinchat":[],"footnotes":""},"class_list":["post-1617","page","type-page","status-publish","hentry"],"jetpack_sharing_enabled":true,"_links":{"self":[{"href":"https:\/\/amiaesbienestar.com\/es\/wp-json\/wp\/v2\/pages\/1617","targetHints":{"allow":["GET"]}}],"collection":[{"href":"https:\/\/amiaesbienestar.com\/es\/wp-json\/wp\/v2\/pages"}],"about":[{"href":"https:\/\/amiaesbienestar.com\/es\/wp-json\/wp\/v2\/types\/page"}],"author":[{"embeddable":true,"href":"https:\/\/amiaesbienestar.com\/es\/wp-json\/wp\/v2\/users\/1"}],"replies":[{"embeddable":true,"href":"https:\/\/amiaesbienestar.com\/es\/wp-json\/wp\/v2\/comments?post=1617"}],"version-history":[{"count":15,"href":"https:\/\/amiaesbienestar.com\/es\/wp-json\/wp\/v2\/pages\/1617\/revisions"}],"predecessor-version":[{"id":2279,"href":"https:\/\/amiaesbienestar.com\/es\/wp-json\/wp\/v2\/pages\/1617\/revisions\/2279"}],"wp:attachment":[{"href":"https:\/\/amiaesbienestar.com\/es\/wp-json\/wp\/v2\/media?parent=1617"}],"curies":[{"name":"wp","href":"https:\/\/api.w.org\/{rel}","templated":true}]}}