{"id":419,"date":"2025-05-28T06:33:13","date_gmt":"2025-05-28T06:33:13","guid":{"rendered":"https:\/\/amiaesbienestar.com\/?page_id=419"},"modified":"2025-12-16T15:13:22","modified_gmt":"2025-12-16T15:13:22","slug":"candles","status":"publish","type":"page","link":"https:\/\/amiaesbienestar.com\/es\/candles\/","title":{"rendered":"Velas"},"content":{"rendered":"<div data-elementor-type=\"wp-page\" data-elementor-id=\"419\" class=\"elementor elementor-419\" data-elementor-post-type=\"page\">\n\t\t\t\t<div class=\"elementor-element elementor-element-ae1ae9d e-flex e-con-boxed e-con e-parent\" data-id=\"ae1ae9d\" data-element_type=\"container\" data-e-type=\"container\">\n\t\t\t\t\t<div class=\"e-con-inner\">\n\t\t\t\t<div class=\"elementor-element elementor-element-9e15cdc elementor-widget elementor-widget-heading\" data-id=\"9e15cdc\" data-element_type=\"widget\" data-e-type=\"widget\" data-widget_type=\"heading.default\">\n\t\t\t\t<div class=\"elementor-widget-container\">\n\t\t\t\t\t<h2 class=\"elementor-heading-title elementor-size-default\">Experiencias con velas Amia.<\/h2>\t\t\t\t<\/div>\n\t\t\t\t<\/div>\n\t\t\t\t\t<\/div>\n\t\t\t\t<\/div>\n\t\t<div class=\"elementor-element elementor-element-9606fb1 e-flex e-con-boxed e-con e-parent\" data-id=\"9606fb1\" data-element_type=\"container\" data-e-type=\"container\">\n\t\t\t\t\t<div class=\"e-con-inner\">\n\t\t\t\t<div class=\"elementor-element elementor-element-5274ce1 elementor-widget elementor-widget-text-editor\" data-id=\"5274ce1\" data-element_type=\"widget\" data-e-type=\"widget\" data-widget_type=\"text-editor.default\">\n\t\t\t\t<div class=\"elementor-widget-container\">\n\t\t\t\t\t\t\t\t\t<p>Cada experiencia est\u00e1 dise\u00f1ada para acompa\u00f1arte en un viaje \u00edntimo, sencillo y poderoso. <strong>Porque dedicarte tiempo no es un lujo: es un acto de amor propio, de cuidado y de reconexi\u00f3n con lo esencial.<\/strong><\/p><p>Consisten en un ritual sensorial donde se unen tres elementos:<\/p><ul><li style=\"font-weight: 400;\" aria-level=\"1\"><strong>La vela<\/strong>: cada una con aromas pensados para guiarte (Salud, Amor o Bienestar).<\/li><li style=\"font-weight: 400;\" aria-level=\"1\"><strong>La playlist<\/strong>: m\u00fasica sin letra que acompa\u00f1a y potencia la atm\u00f3sfera.<\/li><li style=\"font-weight: 400;\" aria-level=\"1\"><strong>Los rituales<\/strong>: pasos sencillos de conexi\u00f3n (respiraci\u00f3n, intenci\u00f3n, escritura, acci\u00f3n simb\u00f3lica) para que vivas el momento de forma consciente.<\/li><\/ul><p>En conjunto, <strong>es una invitaci\u00f3n a encender, sentir y estar<\/strong>: un tiempo para ti, para soltar lo que pesa, abrazarte y recargarte desde adentro.<\/p>\t\t\t\t\t\t\t\t<\/div>\n\t\t\t\t<\/div>\n\t\t\t\t\t<\/div>\n\t\t\t\t<\/div>\n\t\t<div class=\"elementor-element elementor-element-48b422a e-grid e-con-boxed e-con e-parent\" data-id=\"48b422a\" data-element_type=\"container\" data-e-type=\"container\">\n\t\t\t\t\t<div class=\"e-con-inner\">\n\t\t\t\t<div class=\"elementor-element elementor-element-b28b179 elementor-widget elementor-widget-image\" data-id=\"b28b179\" data-element_type=\"widget\" data-e-type=\"widget\" data-widget_type=\"image.default\">\n\t\t\t\t<div class=\"elementor-widget-container\">\n\t\t\t\t\t\t\t\t\t\t\t\t<figure class=\"wp-caption\">\n\t\t\t\t\t\t\t\t\t\t\t<a href=\"https:\/\/amiaesbienestar.com\/es\/shop\/candle-health\/\">\n\t\t\t\t\t\t\t<img fetchpriority=\"high\" decoding=\"async\" width=\"768\" height=\"1024\" src=\"https:\/\/amiaesbienestar.com\/wp-content\/uploads\/2025\/12\/Health-768x1024.png\" class=\"attachment-large size-large wp-image-1840\" alt=\"\" srcset=\"https:\/\/amiaesbienestar.com\/wp-content\/uploads\/2025\/12\/Health-768x1024.png 768w, https:\/\/amiaesbienestar.com\/wp-content\/uploads\/2025\/12\/Health-225x300.png 225w, https:\/\/amiaesbienestar.com\/wp-content\/uploads\/2025\/12\/Health-9x12.png 9w, https:\/\/amiaesbienestar.com\/wp-content\/uploads\/2025\/12\/Health-600x800.png 600w, https:\/\/amiaesbienestar.com\/wp-content\/uploads\/2025\/12\/Health.png 1080w\" sizes=\"(max-width: 768px) 100vw, 768px\" \/>\t\t\t\t\t\t\t\t<\/a>\n\t\t\t\t\t\t\t\t\t\t\t<figcaption class=\"widget-image-caption wp-caption-text\"><\/figcaption>\n\t\t\t\t\t\t\t\t\t\t<\/figure>\n\t\t\t\t\t\t\t\t\t<\/div>\n\t\t\t\t<\/div>\n\t\t\t\t<div class=\"elementor-element elementor-element-1854641 elementor-widget elementor-widget-image\" data-id=\"1854641\" data-element_type=\"widget\" data-e-type=\"widget\" data-widget_type=\"image.default\">\n\t\t\t\t<div class=\"elementor-widget-container\">\n\t\t\t\t\t\t\t\t\t\t\t\t<figure class=\"wp-caption\">\n\t\t\t\t\t\t\t\t\t\t\t<a href=\"https:\/\/amiaesbienestar.com\/es\/shop\/wellness-candle\/\">\n\t\t\t\t\t\t\t<img decoding=\"async\" width=\"768\" height=\"1024\" src=\"https:\/\/amiaesbienestar.com\/wp-content\/uploads\/2025\/12\/Wellness-768x1024.png\" class=\"attachment-large size-large wp-image-1841\" alt=\"\" srcset=\"https:\/\/amiaesbienestar.com\/wp-content\/uploads\/2025\/12\/Wellness-768x1024.png 768w, https:\/\/amiaesbienestar.com\/wp-content\/uploads\/2025\/12\/Wellness-225x300.png 225w, https:\/\/amiaesbienestar.com\/wp-content\/uploads\/2025\/12\/Wellness-9x12.png 9w, https:\/\/amiaesbienestar.com\/wp-content\/uploads\/2025\/12\/Wellness-600x800.png 600w, https:\/\/amiaesbienestar.com\/wp-content\/uploads\/2025\/12\/Wellness.png 1080w\" sizes=\"(max-width: 768px) 100vw, 768px\" \/>\t\t\t\t\t\t\t\t<\/a>\n\t\t\t\t\t\t\t\t\t\t\t<figcaption class=\"widget-image-caption wp-caption-text\"><\/figcaption>\n\t\t\t\t\t\t\t\t\t\t<\/figure>\n\t\t\t\t\t\t\t\t\t<\/div>\n\t\t\t\t<\/div>\n\t\t\t\t<div class=\"elementor-element elementor-element-20ce324 elementor-widget elementor-widget-image\" data-id=\"20ce324\" data-element_type=\"widget\" data-e-type=\"widget\" data-widget_type=\"image.default\">\n\t\t\t\t<div class=\"elementor-widget-container\">\n\t\t\t\t\t\t\t\t\t\t\t\t<figure class=\"wp-caption\">\n\t\t\t\t\t\t\t\t\t\t\t<a href=\"https:\/\/amiaesbienestar.com\/es\/shop\/candle-love\/\">\n\t\t\t\t\t\t\t<img decoding=\"async\" width=\"768\" height=\"1024\" src=\"https:\/\/amiaesbienestar.com\/wp-content\/uploads\/2025\/12\/Love-768x1024.png\" class=\"attachment-large size-large wp-image-1842\" alt=\"\" srcset=\"https:\/\/amiaesbienestar.com\/wp-content\/uploads\/2025\/12\/Love-768x1024.png 768w, https:\/\/amiaesbienestar.com\/wp-content\/uploads\/2025\/12\/Love-225x300.png 225w, https:\/\/amiaesbienestar.com\/wp-content\/uploads\/2025\/12\/Love-9x12.png 9w, https:\/\/amiaesbienestar.com\/wp-content\/uploads\/2025\/12\/Love-600x800.png 600w, https:\/\/amiaesbienestar.com\/wp-content\/uploads\/2025\/12\/Love.png 1080w\" sizes=\"(max-width: 768px) 100vw, 768px\" \/>\t\t\t\t\t\t\t\t<\/a>\n\t\t\t\t\t\t\t\t\t\t\t<figcaption class=\"widget-image-caption wp-caption-text\"><\/figcaption>\n\t\t\t\t\t\t\t\t\t\t<\/figure>\n\t\t\t\t\t\t\t\t\t<\/div>\n\t\t\t\t<\/div>\n\t\t\t\t\t<\/div>\n\t\t\t\t<\/div>\n\t\t<div class=\"elementor-element elementor-element-b4f0afe e-flex e-con-boxed e-con e-parent\" data-id=\"b4f0afe\" data-element_type=\"container\" data-e-type=\"container\">\n\t\t\t\t\t<div class=\"e-con-inner\">\n\t\t\t\t<div class=\"elementor-element elementor-element-bdee7a9 elementor-align-center elementor-widget elementor-widget-button\" data-id=\"bdee7a9\" data-element_type=\"widget\" data-e-type=\"widget\" data-widget_type=\"button.default\">\n\t\t\t\t<div class=\"elementor-widget-container\">\n\t\t\t\t\t\t\t\t\t<div class=\"elementor-button-wrapper\">\n\t\t\t\t\t<a class=\"elementor-button elementor-button-link elementor-size-sm\" href=\"https:\/\/amiaesbienestar.com\/es\/shop\/\">\n\t\t\t\t\t\t<span class=\"elementor-button-content-wrapper\">\n\t\t\t\t\t\t\t\t\t<span class=\"elementor-button-text\">Comprar Aqu\u00ed<\/span>\n\t\t\t\t\t<\/span>\n\t\t\t\t\t<\/a>\n\t\t\t\t<\/div>\n\t\t\t\t\t\t\t\t<\/div>\n\t\t\t\t<\/div>\n\t\t\t\t\t<\/div>\n\t\t\t\t<\/div>\n\t\t\t\t<\/div>","protected":false},"excerpt":{"rendered":"<p>Candle Experiences by Amia. Each experience is designed to accompany you on an intimate, simple, and powerful journey. Because giving yourself time is not a luxury: it is an act of self-love, care, and reconnection with what truly matters. They consist of a sensory ritual where three elements come together: The candle: each one crafted [&hellip;]<\/p>\n","protected":false},"author":1,"featured_media":0,"parent":0,"menu_order":0,"comment_status":"closed","ping_status":"closed","template":"","meta":{"_joinchat":[],"footnotes":""},"class_list":["post-419","page","type-page","status-publish","hentry"],"jetpack_sharing_enabled":true,"_links":{"self":[{"href":"https:\/\/amiaesbienestar.com\/es\/wp-json\/wp\/v2\/pages\/419","targetHints":{"allow":["GET"]}}],"collection":[{"href":"https:\/\/amiaesbienestar.com\/es\/wp-json\/wp\/v2\/pages"}],"about":[{"href":"https:\/\/amiaesbienestar.com\/es\/wp-json\/wp\/v2\/types\/page"}],"author":[{"embeddable":true,"href":"https:\/\/amiaesbienestar.com\/es\/wp-json\/wp\/v2\/users\/1"}],"replies":[{"embeddable":true,"href":"https:\/\/amiaesbienestar.com\/es\/wp-json\/wp\/v2\/comments?post=419"}],"version-history":[{"count":143,"href":"https:\/\/amiaesbienestar.com\/es\/wp-json\/wp\/v2\/pages\/419\/revisions"}],"predecessor-version":[{"id":2293,"href":"https:\/\/amiaesbienestar.com\/es\/wp-json\/wp\/v2\/pages\/419\/revisions\/2293"}],"wp:attachment":[{"href":"https:\/\/amiaesbienestar.com\/es\/wp-json\/wp\/v2\/media?parent=419"}],"curies":[{"name":"wp","href":"https:\/\/api.w.org\/{rel}","templated":true}]}}