{"id":420,"date":"2025-05-28T06:33:13","date_gmt":"2025-05-28T06:33:13","guid":{"rendered":"https:\/\/amiaesbienestar.com\/?page_id=420"},"modified":"2025-12-16T15:10:02","modified_gmt":"2025-12-16T15:10:02","slug":"emotional-capsules","status":"publish","type":"page","link":"https:\/\/amiaesbienestar.com\/es\/emotional-capsules\/","title":{"rendered":"C\u00e1psulas emocionales"},"content":{"rendered":"<div data-elementor-type=\"wp-page\" data-elementor-id=\"420\" class=\"elementor elementor-420\" data-elementor-post-type=\"page\">\n\t\t\t\t<div class=\"elementor-element elementor-element-558db5b e-flex e-con-boxed e-con e-parent\" data-id=\"558db5b\" data-element_type=\"container\" data-e-type=\"container\">\n\t\t\t\t\t<div class=\"e-con-inner\">\n\t\t\t\t<div class=\"elementor-element elementor-element-e311850 elementor-widget elementor-widget-heading\" data-id=\"e311850\" data-element_type=\"widget\" data-e-type=\"widget\" data-widget_type=\"heading.default\">\n\t\t\t\t<div class=\"elementor-widget-container\">\n\t\t\t\t\t<h2 class=\"elementor-heading-title elementor-size-default\">C\u00e1psulas emocionales Amia.<\/h2>\t\t\t\t<\/div>\n\t\t\t\t<\/div>\n\t\t\t\t\t<\/div>\n\t\t\t\t<\/div>\n\t\t<div class=\"elementor-element elementor-element-bf39a45 e-flex e-con-boxed e-con e-parent\" data-id=\"bf39a45\" data-element_type=\"container\" data-e-type=\"container\">\n\t\t\t\t\t<div class=\"e-con-inner\">\n\t\t<div class=\"elementor-element elementor-element-ef75547 e-grid e-con-full e-con e-child\" data-id=\"ef75547\" data-element_type=\"container\" data-e-type=\"container\">\n\t\t\t\t<div class=\"elementor-element elementor-element-bc53769 elementor-widget elementor-widget-text-editor\" data-id=\"bc53769\" data-element_type=\"widget\" data-e-type=\"widget\" data-widget_type=\"text-editor.default\">\n\t\t\t\t<div class=\"elementor-widget-container\">\n\t\t\t\t\t\t\t\t\t<p>Nuestras c\u00e1psulas emocionales son peque\u00f1as botellas de intenci\u00f3n que acompa\u00f1an tu d\u00eda a d\u00eda. <strong>Cada una guarda dentro un aroma dise\u00f1ado para recordarte volver a ti, respirar y anclarte en el momento presente.<\/strong><\/p><p>El aroma no solo perfuma tu espacio, tambi\u00e9n despierta memorias, calma la mente y te ayuda a <strong>crear un v\u00ednculo emocional con tu bienestar.<\/strong> Al accionar tu c\u00e1psula en el auto, en casa o en tu lugar de trabajo, no solo transformas el ambiente, tambi\u00e9n activas un <strong>anclaje terap\u00e9utico<\/strong>: un recordatorio sensorial de que puedes habitar tu calma, tu amor y tu bienestar en cualquier instante.<\/p><p>Cada c\u00e1psula es una medicina emocional que viaja contigo: discreta, c\u00e1lida y poderosa. Es un <strong>s\u00edmbolo de pausa y conexi\u00f3n, una invitaci\u00f3n a detenerte en medio de la rutina y regalarte un respiro consciente.<\/strong>.<\/p>\t\t\t\t\t\t\t\t<\/div>\n\t\t\t\t<\/div>\n\t\t\t\t<div class=\"elementor-element elementor-element-f5e520c elementor-widget elementor-widget-image\" data-id=\"f5e520c\" data-element_type=\"widget\" data-e-type=\"widget\" data-widget_type=\"image.default\">\n\t\t\t\t<div class=\"elementor-widget-container\">\n\t\t\t\t\t\t\t\t\t\t\t\t\t\t\t\t<a href=\"https:\/\/amiaesbienestar.com\/es\/shop\/\">\n\t\t\t\t\t\t\t<img decoding=\"async\" src=\"https:\/\/amiaesbienestar.com\/wp-content\/uploads\/elementor\/thumbs\/phonto-2-1-rfv3ysu92861vwvvx0klpbffddcxen1jjebujrksu0.jpg\" title=\"phonto 2\" alt=\"phonto 2\" loading=\"lazy\" \/>\t\t\t\t\t\t\t\t<\/a>\n\t\t\t\t\t\t\t\t\t\t\t\t\t\t\t<\/div>\n\t\t\t\t<\/div>\n\t\t\t\t<\/div>\n\t\t\t\t<div class=\"elementor-element elementor-element-a01a312 elementor-align-center elementor-widget elementor-widget-button\" data-id=\"a01a312\" data-element_type=\"widget\" data-e-type=\"widget\" data-widget_type=\"button.default\">\n\t\t\t\t<div class=\"elementor-widget-container\">\n\t\t\t\t\t\t\t\t\t<div class=\"elementor-button-wrapper\">\n\t\t\t\t\t<a class=\"elementor-button elementor-button-link elementor-size-sm\" href=\"https:\/\/amiaesbienestar.com\/es\/shop\/\">\n\t\t\t\t\t\t<span class=\"elementor-button-content-wrapper\">\n\t\t\t\t\t\t\t\t\t<span class=\"elementor-button-text\">Comprar Aqu\u00ed<\/span>\n\t\t\t\t\t<\/span>\n\t\t\t\t\t<\/a>\n\t\t\t\t<\/div>\n\t\t\t\t\t\t\t\t<\/div>\n\t\t\t\t<\/div>\n\t\t<div class=\"elementor-element elementor-element-1e03336 e-con-full e-grid e-con e-child\" data-id=\"1e03336\" data-element_type=\"container\" data-e-type=\"container\">\n\t\t\t\t<div class=\"elementor-element elementor-element-68e7951 elementor-widget elementor-widget-image\" data-id=\"68e7951\" data-element_type=\"widget\" data-e-type=\"widget\" data-widget_type=\"image.default\">\n\t\t\t\t<div class=\"elementor-widget-container\">\n\t\t\t\t\t\t\t\t\t\t\t\t\t\t\t\t<a href=\"https:\/\/amiaesbienestar.com\/es\/shop\/\">\n\t\t\t\t\t\t\t<img fetchpriority=\"high\" decoding=\"async\" width=\"300\" height=\"300\" src=\"https:\/\/amiaesbienestar.com\/wp-content\/uploads\/2025\/12\/phonto-2-300x300.jpg\" class=\"attachment-woocommerce_thumbnail size-woocommerce_thumbnail wp-image-1854\" alt=\"\" srcset=\"https:\/\/amiaesbienestar.com\/wp-content\/uploads\/2025\/12\/phonto-2-300x300.jpg 300w, https:\/\/amiaesbienestar.com\/wp-content\/uploads\/2025\/12\/phonto-2-150x150.jpg 150w, https:\/\/amiaesbienestar.com\/wp-content\/uploads\/2025\/12\/phonto-2-100x100.jpg 100w\" sizes=\"(max-width: 300px) 100vw, 300px\" \/>\t\t\t\t\t\t\t\t<\/a>\n\t\t\t\t\t\t\t\t\t\t\t\t\t\t\t<\/div>\n\t\t\t\t<\/div>\n\t\t\t\t<div class=\"elementor-element elementor-element-76c78e5 elementor-widget elementor-widget-image\" data-id=\"76c78e5\" data-element_type=\"widget\" data-e-type=\"widget\" data-widget_type=\"image.default\">\n\t\t\t\t<div class=\"elementor-widget-container\">\n\t\t\t\t\t\t\t\t\t\t\t\t\t\t\t\t<a href=\"https:\/\/amiaesbienestar.com\/es\/shop\/\">\n\t\t\t\t\t\t\t<img decoding=\"async\" width=\"300\" height=\"300\" src=\"https:\/\/amiaesbienestar.com\/wp-content\/uploads\/2025\/12\/Copia-de-phonto-300x300.jpg\" class=\"attachment-woocommerce_thumbnail size-woocommerce_thumbnail wp-image-1852\" alt=\"\" srcset=\"https:\/\/amiaesbienestar.com\/wp-content\/uploads\/2025\/12\/Copia-de-phonto-300x300.jpg 300w, https:\/\/amiaesbienestar.com\/wp-content\/uploads\/2025\/12\/Copia-de-phonto-150x150.jpg 150w, https:\/\/amiaesbienestar.com\/wp-content\/uploads\/2025\/12\/Copia-de-phonto-100x100.jpg 100w\" sizes=\"(max-width: 300px) 100vw, 300px\" \/>\t\t\t\t\t\t\t\t<\/a>\n\t\t\t\t\t\t\t\t\t\t\t\t\t\t\t<\/div>\n\t\t\t\t<\/div>\n\t\t\t\t<div class=\"elementor-element elementor-element-3e0a6fe elementor-widget elementor-widget-image\" data-id=\"3e0a6fe\" data-element_type=\"widget\" data-e-type=\"widget\" data-widget_type=\"image.default\">\n\t\t\t\t<div class=\"elementor-widget-container\">\n\t\t\t\t\t\t\t\t\t\t\t\t\t\t\t\t<a href=\"https:\/\/amiaesbienestar.com\/es\/shop\/\">\n\t\t\t\t\t\t\t<img decoding=\"async\" width=\"300\" height=\"300\" src=\"https:\/\/amiaesbienestar.com\/wp-content\/uploads\/2025\/12\/phonto-3-300x300.jpg\" class=\"attachment-woocommerce_thumbnail size-woocommerce_thumbnail wp-image-1855\" alt=\"\" srcset=\"https:\/\/amiaesbienestar.com\/wp-content\/uploads\/2025\/12\/phonto-3-300x300.jpg 300w, https:\/\/amiaesbienestar.com\/wp-content\/uploads\/2025\/12\/phonto-3-150x150.jpg 150w, https:\/\/amiaesbienestar.com\/wp-content\/uploads\/2025\/12\/phonto-3-100x100.jpg 100w\" sizes=\"(max-width: 300px) 100vw, 300px\" \/>\t\t\t\t\t\t\t\t<\/a>\n\t\t\t\t\t\t\t\t\t\t\t\t\t\t\t<\/div>\n\t\t\t\t<\/div>\n\t\t\t\t<div class=\"elementor-element elementor-element-13197c9 elementor-widget elementor-widget-image\" data-id=\"13197c9\" data-element_type=\"widget\" data-e-type=\"widget\" data-widget_type=\"image.default\">\n\t\t\t\t<div class=\"elementor-widget-container\">\n\t\t\t\t\t\t\t\t\t\t\t\t<figure class=\"wp-caption\">\n\t\t\t\t\t\t\t\t\t\t\t<a href=\"https:\/\/amiaesbienestar.com\/es\/shop\/emotional-capsule-health\/\">\n\t\t\t\t\t\t\t<img loading=\"lazy\" decoding=\"async\" width=\"300\" height=\"300\" src=\"https:\/\/amiaesbienestar.com\/wp-content\/uploads\/2025\/12\/9-300x300.png\" class=\"attachment-woocommerce_thumbnail size-woocommerce_thumbnail wp-image-1922\" alt=\"\" srcset=\"https:\/\/amiaesbienestar.com\/wp-content\/uploads\/2025\/12\/9-300x300.png 300w, https:\/\/amiaesbienestar.com\/wp-content\/uploads\/2025\/12\/9-150x150.png 150w, https:\/\/amiaesbienestar.com\/wp-content\/uploads\/2025\/12\/9-100x100.png 100w\" sizes=\"(max-width: 300px) 100vw, 300px\" \/>\t\t\t\t\t\t\t\t<\/a>\n\t\t\t\t\t\t\t\t\t\t\t<figcaption class=\"widget-image-caption wp-caption-text\">C\u00c1PSULA DE SALUD EMOCIONAL<\/figcaption>\n\t\t\t\t\t\t\t\t\t\t<\/figure>\n\t\t\t\t\t\t\t\t\t<\/div>\n\t\t\t\t<\/div>\n\t\t\t\t<div class=\"elementor-element elementor-element-53f7843 elementor-widget elementor-widget-image\" data-id=\"53f7843\" data-element_type=\"widget\" data-e-type=\"widget\" data-widget_type=\"image.default\">\n\t\t\t\t<div class=\"elementor-widget-container\">\n\t\t\t\t\t\t\t\t\t\t\t\t<figure class=\"wp-caption\">\n\t\t\t\t\t\t\t\t\t\t\t<a href=\"https:\/\/amiaesbienestar.com\/es\/shop\/emotional-capsule-well-being\/\">\n\t\t\t\t\t\t\t<img loading=\"lazy\" decoding=\"async\" width=\"300\" height=\"300\" src=\"https:\/\/amiaesbienestar.com\/wp-content\/uploads\/2025\/12\/11-300x300.png\" class=\"attachment-woocommerce_thumbnail size-woocommerce_thumbnail wp-image-1924\" alt=\"\" srcset=\"https:\/\/amiaesbienestar.com\/wp-content\/uploads\/2025\/12\/11-300x300.png 300w, https:\/\/amiaesbienestar.com\/wp-content\/uploads\/2025\/12\/11-150x150.png 150w, https:\/\/amiaesbienestar.com\/wp-content\/uploads\/2025\/12\/11-100x100.png 100w\" sizes=\"(max-width: 300px) 100vw, 300px\" \/>\t\t\t\t\t\t\t\t<\/a>\n\t\t\t\t\t\t\t\t\t\t\t<figcaption class=\"widget-image-caption wp-caption-text\">C\u00c1PSULA DE BIENESTAR EMOCIONAL<\/figcaption>\n\t\t\t\t\t\t\t\t\t\t<\/figure>\n\t\t\t\t\t\t\t\t\t<\/div>\n\t\t\t\t<\/div>\n\t\t\t\t<div class=\"elementor-element elementor-element-a478898 elementor-widget elementor-widget-image\" data-id=\"a478898\" data-element_type=\"widget\" data-e-type=\"widget\" data-widget_type=\"image.default\">\n\t\t\t\t<div class=\"elementor-widget-container\">\n\t\t\t\t\t\t\t\t\t\t\t\t<figure class=\"wp-caption\">\n\t\t\t\t\t\t\t\t\t\t\t<a href=\"https:\/\/amiaesbienestar.com\/es\/shop\/emotional-capsule-love\/\">\n\t\t\t\t\t\t\t<img loading=\"lazy\" decoding=\"async\" width=\"300\" height=\"300\" src=\"https:\/\/amiaesbienestar.com\/wp-content\/uploads\/2025\/12\/10-300x300.png\" class=\"attachment-woocommerce_thumbnail size-woocommerce_thumbnail wp-image-1923\" alt=\"\" srcset=\"https:\/\/amiaesbienestar.com\/wp-content\/uploads\/2025\/12\/10-300x300.png 300w, https:\/\/amiaesbienestar.com\/wp-content\/uploads\/2025\/12\/10-150x150.png 150w, https:\/\/amiaesbienestar.com\/wp-content\/uploads\/2025\/12\/10-100x100.png 100w\" sizes=\"(max-width: 300px) 100vw, 300px\" \/>\t\t\t\t\t\t\t\t<\/a>\n\t\t\t\t\t\t\t\t\t\t\t<figcaption class=\"widget-image-caption wp-caption-text\">C\u00c1PSULA DE AMOR EMOCIONAL<\/figcaption>\n\t\t\t\t\t\t\t\t\t\t<\/figure>\n\t\t\t\t\t\t\t\t\t<\/div>\n\t\t\t\t<\/div>\n\t\t\t\t<\/div>\n\t\t\t\t\t<\/div>\n\t\t\t\t<\/div>\n\t\t\t\t<\/div>","protected":false},"excerpt":{"rendered":"<p>Amia Emotional Capsules. Our emotional capsules are small intention bottles that accompany you throughout your day. Each one holds a scent designed to remind you to return to yourself, breathe, and anchor yourself in the present moment. The scent not only fragrances your space, it also awakens memories, calms the mind, and helps you create [&hellip;]<\/p>\n","protected":false},"author":1,"featured_media":0,"parent":0,"menu_order":0,"comment_status":"closed","ping_status":"closed","template":"","meta":{"_joinchat":[],"footnotes":""},"class_list":["post-420","page","type-page","status-publish","hentry"],"jetpack_sharing_enabled":true,"_links":{"self":[{"href":"https:\/\/amiaesbienestar.com\/es\/wp-json\/wp\/v2\/pages\/420","targetHints":{"allow":["GET"]}}],"collection":[{"href":"https:\/\/amiaesbienestar.com\/es\/wp-json\/wp\/v2\/pages"}],"about":[{"href":"https:\/\/amiaesbienestar.com\/es\/wp-json\/wp\/v2\/types\/page"}],"author":[{"embeddable":true,"href":"https:\/\/amiaesbienestar.com\/es\/wp-json\/wp\/v2\/users\/1"}],"replies":[{"embeddable":true,"href":"https:\/\/amiaesbienestar.com\/es\/wp-json\/wp\/v2\/comments?post=420"}],"version-history":[{"count":86,"href":"https:\/\/amiaesbienestar.com\/es\/wp-json\/wp\/v2\/pages\/420\/revisions"}],"predecessor-version":[{"id":2276,"href":"https:\/\/amiaesbienestar.com\/es\/wp-json\/wp\/v2\/pages\/420\/revisions\/2276"}],"wp:attachment":[{"href":"https:\/\/amiaesbienestar.com\/es\/wp-json\/wp\/v2\/media?parent=420"}],"curies":[{"name":"wp","href":"https:\/\/api.w.org\/{rel}","templated":true}]}}